{"id":10,"date":"2006-03-25T21:22:38","date_gmt":"2006-03-25T20:22:38","guid":{"rendered":"http:\/\/www.joachim-kranz.net\/?page_id=10"},"modified":"2022-04-21T16:41:03","modified_gmt":"2022-04-21T15:41:03","slug":"chemie","status":"publish","type":"page","link":"https:\/\/www.joachim-kranz.net\/index.php\/chemie","title":{"rendered":"Chemieunterricht der Zukunft"},"content":{"rendered":"<p class=\"MsoNormal\" align=\"center\"><strong>Die Chemie ist eine spannende Naturwissenschaft!<\/strong><\/p>\n<p class=\"MsoNormal\" align=\"center\"><a title=\"wunderkerze450.jpg\" href=\"https:\/\/www.joachim-kranz.net\/wp-content\/uploads\/2010\/01\/wunderkerze450.jpg\"><img decoding=\"async\" src=\"https:\/\/www.joachim-kranz.net\/wp-content\/uploads\/2010\/01\/wunderkerze450.jpg\" alt=\"wunderkerze450.jpg\"><\/a><br \/>\nSternenfeuer einer Wunderkerze<\/p>\n<p class=\"MsoNormal\">Diese Aussage zu transportieren, ist eine der gr\u00f6\u00dften Herausforderungen f\u00fcr Chemielehrerinnen und -lehrer. Die Verbindung von grunds\u00e4tzlichen fachsystematischen Erw\u00e4gungen mit interessanten Inhalten und zielgerichteten Methoden geh\u00f6rt zum Gestaltungsspielraum der Lehrkr\u00e4fte. Und gerade diese Ausarbeitung erfordert neben Ideenreichtum und Kreativit\u00e4t einen hohen Zeitaufwand.Gerade in den Naturwissenschaften und speziell im Fach Chemie sind inklusive Bestrebungen selten anzutreffen und auch eine durchg\u00e4ngige Nutzung digitaler Tools ist leider keinesfalls die Regel.<\/p>\n<p class=\"MsoNormal\">Dabei kann die Zukunft des Chemieunterrichts leicht vorausgesagt werden: Interessante, motivierende Experimente in offnen Lernumgebungen (in denen ggf. mehrere L\u00f6sungen m\u00f6glich sind) gepaart mit digitalen Tools zur F\u00f6rderung der ganzen Bandbreite des Begabungsspektrums. Chemielehrb\u00fccher wird es in 10 Jahren wohl kaum noch geben, daf\u00fcr viel geeignetere interaktive, zuk\u00fcnftig auch adaptive, Lernb\u00fccher.<\/p>\n<p class=\"MsoNormal\">\n<div><a title=\"zahnpastaherst-450.jpg\" href=\"https:\/\/www.joachim-kranz.net\/wp-content\/uploads\/2010\/01\/zahnpastaherst-450.jpg\"><img decoding=\"async\" src=\"https:\/\/www.joachim-kranz.net\/wp-content\/uploads\/2010\/01\/zahnpastaherst-450.jpg\" alt=\"zahnpastaherst-450.jpg\"><\/a><\/div>\n<p class=\"MsoNormal\" align=\"center\">Zahnpastaherstellung<\/p>\n<p class=\"MsoNormal\">\n<div><\/div>\n","protected":false},"excerpt":{"rendered":"<p>Die Chemie ist eine spannende Naturwissenschaft! Sternenfeuer einer Wunderkerze Diese Aussage zu transportieren, ist eine der gr\u00f6\u00dften Herausforderungen f\u00fcr Chemielehrerinnen und -lehrer. Die Verbindung von grunds\u00e4tzlichen fachsystematischen Erw\u00e4gungen mit interessanten Inhalten und zielgerichteten Methoden geh\u00f6rt zum Gestaltungsspielraum der Lehrkr\u00e4fte. Und gerade diese Ausarbeitung erfordert neben Ideenreichtum und Kreativit\u00e4t einen hohen Zeitaufwand.Gerade in den Naturwissenschaften und [&hellip;]<\/p>\n","protected":false},"author":1,"featured_media":0,"parent":0,"menu_order":20,"comment_status":"closed","ping_status":"open","template":"","meta":{"footnotes":""},"class_list":["post-10","page","type-page","status-publish","hentry"],"_links":{"self":[{"href":"https:\/\/www.joachim-kranz.net\/index.php\/wp-json\/wp\/v2\/pages\/10","targetHints":{"allow":["GET"]}}],"collection":[{"href":"https:\/\/www.joachim-kranz.net\/index.php\/wp-json\/wp\/v2\/pages"}],"about":[{"href":"https:\/\/www.joachim-kranz.net\/index.php\/wp-json\/wp\/v2\/types\/page"}],"author":[{"embeddable":true,"href":"https:\/\/www.joachim-kranz.net\/index.php\/wp-json\/wp\/v2\/users\/1"}],"replies":[{"embeddable":true,"href":"https:\/\/www.joachim-kranz.net\/index.php\/wp-json\/wp\/v2\/comments?post=10"}],"version-history":[{"count":2,"href":"https:\/\/www.joachim-kranz.net\/index.php\/wp-json\/wp\/v2\/pages\/10\/revisions"}],"predecessor-version":[{"id":967,"href":"https:\/\/www.joachim-kranz.net\/index.php\/wp-json\/wp\/v2\/pages\/10\/revisions\/967"}],"wp:attachment":[{"href":"https:\/\/www.joachim-kranz.net\/index.php\/wp-json\/wp\/v2\/media?parent=10"}],"curies":[{"name":"wp","href":"https:\/\/api.w.org\/{rel}","templated":true}]}}