{"id":1268,"date":"2026-03-11T11:55:48","date_gmt":"2026-03-11T10:55:48","guid":{"rendered":"https:\/\/www.joachim-kranz.net\/?page_id=1268"},"modified":"2026-03-11T11:55:48","modified_gmt":"2026-03-11T10:55:48","slug":"lernbuch-3-brennstoffzellen-antriebstechnologie-der-zukunft","status":"publish","type":"page","link":"https:\/\/www.joachim-kranz.net\/index.php\/helleum-2\/lernbuch-3-brennstoffzellen-antriebstechnologie-der-zukunft","title":{"rendered":"Lernbuch 3: Brennstoffzellen &#8211; Antriebstechnologie der Zukunft?"},"content":{"rendered":"\n<figure class=\"wp-block-image size-full\"><a href=\"https:\/\/www.joachim-kranz.net\/wp-content\/uploads\/2026\/03\/Deckblatt_Lernbuch_3.jpg\"><img loading=\"lazy\" decoding=\"async\" width=\"863\" height=\"646\" src=\"https:\/\/www.joachim-kranz.net\/wp-content\/uploads\/2026\/03\/Deckblatt_Lernbuch_3.jpg\" alt=\"\" class=\"wp-image-1267\" srcset=\"https:\/\/www.joachim-kranz.net\/wp-content\/uploads\/2026\/03\/Deckblatt_Lernbuch_3.jpg 863w, https:\/\/www.joachim-kranz.net\/wp-content\/uploads\/2026\/03\/Deckblatt_Lernbuch_3-300x225.jpg 300w, https:\/\/www.joachim-kranz.net\/wp-content\/uploads\/2026\/03\/Deckblatt_Lernbuch_3-768x575.jpg 768w\" sizes=\"auto, (max-width: 863px) 100vw, 863px\" \/><\/a><\/figure>\n\n\n\n<p>Das tiefere Verst\u00e4ndnis f\u00fcr Aufbau und Funktion einer Brennstoffzelle wird oft in der Schule nicht vermittelt. Um an der aktuellen Debatte um den Autoantrieb der Zukunft teilnehmen zu k\u00f6nnen, ist ein fundiertes Wissen \u00fcber Verbrennungs- und Elektromotoren, sowie \u00fcber Benzin\/Diesel, Akkumulatoren (&#8222;Batterien&#8220;) und Brennstoffzellen  und Energiebilanzen notwendig. Dieses Lernbuch versucht, dieses Wissen \u00fcber Simulationen, Texte und Experimente zu vermitteln. H\u00f6hepunkt der Lerneinheit ist ein Wettrennen von Brennstoffzellenfahrzeugen, die (nur) mittels Sonnenlicht ihre Energie getankt ahben.<\/p>\n","protected":false},"excerpt":{"rendered":"<p>Das tiefere Verst\u00e4ndnis f\u00fcr Aufbau und Funktion einer Brennstoffzelle wird oft in der Schule nicht vermittelt. Um an der aktuellen Debatte um den Autoantrieb der Zukunft teilnehmen zu k\u00f6nnen, ist ein fundiertes Wissen \u00fcber Verbrennungs- und Elektromotoren, sowie \u00fcber Benzin\/Diesel, Akkumulatoren (&#8222;Batterien&#8220;) und Brennstoffzellen und Energiebilanzen notwendig. Dieses Lernbuch versucht, dieses Wissen \u00fcber Simulationen, Texte [&hellip;]<\/p>\n","protected":false},"author":2,"featured_media":0,"parent":779,"menu_order":0,"comment_status":"closed","ping_status":"closed","template":"","meta":{"footnotes":""},"class_list":["post-1268","page","type-page","status-publish","hentry"],"_links":{"self":[{"href":"https:\/\/www.joachim-kranz.net\/index.php\/wp-json\/wp\/v2\/pages\/1268","targetHints":{"allow":["GET"]}}],"collection":[{"href":"https:\/\/www.joachim-kranz.net\/index.php\/wp-json\/wp\/v2\/pages"}],"about":[{"href":"https:\/\/www.joachim-kranz.net\/index.php\/wp-json\/wp\/v2\/types\/page"}],"author":[{"embeddable":true,"href":"https:\/\/www.joachim-kranz.net\/index.php\/wp-json\/wp\/v2\/users\/2"}],"replies":[{"embeddable":true,"href":"https:\/\/www.joachim-kranz.net\/index.php\/wp-json\/wp\/v2\/comments?post=1268"}],"version-history":[{"count":1,"href":"https:\/\/www.joachim-kranz.net\/index.php\/wp-json\/wp\/v2\/pages\/1268\/revisions"}],"predecessor-version":[{"id":1269,"href":"https:\/\/www.joachim-kranz.net\/index.php\/wp-json\/wp\/v2\/pages\/1268\/revisions\/1269"}],"up":[{"embeddable":true,"href":"https:\/\/www.joachim-kranz.net\/index.php\/wp-json\/wp\/v2\/pages\/779"}],"wp:attachment":[{"href":"https:\/\/www.joachim-kranz.net\/index.php\/wp-json\/wp\/v2\/media?parent=1268"}],"curies":[{"name":"wp","href":"https:\/\/api.w.org\/{rel}","templated":true}]}}