{"id":186,"date":"2008-03-20T17:50:13","date_gmt":"2008-03-20T16:50:13","guid":{"rendered":"http:\/\/www.joachim-kranz.net\/index.php\/humboldt-schule\/chemie\/chemie-der-haarfarbung"},"modified":"2022-04-21T16:47:40","modified_gmt":"2022-04-21T15:47:40","slug":"chemie-der-haarfarbung","status":"publish","type":"page","link":"https:\/\/www.joachim-kranz.net\/index.php\/chemie\/chemie-der-haarfarbung","title":{"rendered":"Chemie der Haarf\u00e4rbung"},"content":{"rendered":"<p><a title=\"reese_haarfarbung360.jpg\" href=\"https:\/\/www.joachim-kranz.net\/wp-content\/uploads\/2010\/01\/reese_haarfarbung360.jpg\"><img decoding=\"async\" src=\"https:\/\/www.joachim-kranz.net\/wp-content\/uploads\/2010\/01\/reese_haarfarbung360.jpg\" alt=\"reese_haarfarbung360.jpg\" \/><\/a><a title=\"Reese Witherspoon\" href=\"https:\/\/www.joachim-kranz.net\/wp-content\/uploads\/2008\/03\/3241-reese_w-mk.jpg\"><br \/>\nHeute blond &#8211; und morgen gr\u00fcn?<\/a><\/p>\n<p>Die Haarf\u00e4rbung stellt einen ungew\u00f6hnlichen Zugang zur Farbstoffchemie dar. Dieser Lernzyklus bietet mehrere Vorteile:\u00a0 Die praktische Umsetzung interessiert nahezu alle Sch\u00fcler, die Experimente sind leicht durchzuf\u00fchren, der theoretische Hintergrund ist \u00fcberschaubar, aber anspruchsvoll. Er verkn\u00fcpft die Faserchemie (Haare) mit der Farbstoffchemie. Die Ergebnisse sind \u00e4sthetisch anzuschauen und zudem sehr gut reproduzierbar.<\/p>\n<p>\u00dcber die Dokumentation eines Chatrooms, der Fragen zur Haarf\u00e4rbung ver\u00f6ffentlicht, erfolgt die Problemstellung: Was muss ein Chatdoktor wissen, um Fragen zur F\u00e4rbung, T\u00f6nung und Blondierung von Haaren fachlich fundiert zu beantworten? Diese Fragestellung f\u00fchrt direkt zu zwei Themenkomplexen: dem Aufbau der Haare und der Chemie der Farbstoffe. Ein Leitprogramm zur Struktur und zu den Eigenschaften der Haare ist der gew\u00e4hlte methodische Weg f\u00fcr den ersten Teil. Neben der Theorie enth\u00e4lt das Programm Experimente zum Proteinaufbau und einen Kopfballversuch zur Dehnung der Haare.<\/p>\n<p><a title=\"faden-orange-mikro-210.jpg\" href=\"https:\/\/www.joachim-kranz.net\/wp-content\/uploads\/2010\/01\/faden-orange-mikro-210.jpg\"><img decoding=\"async\" src=\"https:\/\/www.joachim-kranz.net\/wp-content\/uploads\/2010\/01\/faden-orange-mikro-210.jpg\" alt=\"faden-orange-mikro-210.jpg\" \/>\u00a0\u00a0\u00a0 <\/a><a title=\"faden-beige-225.jpg\" href=\"https:\/\/www.joachim-kranz.net\/wp-content\/uploads\/2010\/01\/faden-beige-225.jpg\"><img decoding=\"async\" src=\"https:\/\/www.joachim-kranz.net\/wp-content\/uploads\/2010\/01\/faden-beige-225.jpg\" alt=\"faden-beige-225.jpg\" \/><\/a><br \/>\nGef\u00e4rbte Schafschurwoll-F\u00e4den unter dem Binokular<\/p>\n<p>Der zweite Teil untersucht in arbeitsteiligen Rechercheaufgaben bekannte und geeignete Farbstoffe f\u00fcr die Anf\u00e4rbung der Haare. Der bekannte Henna-Farbstoff zur T\u00f6nung der Haare, ein k\u00e4ufliches Pr\u00e4parat zur dauerhaften F\u00e4rbung und ein Spray-Pr\u00e4parat zur kurzzeitigen Gr\u00fcnf\u00e4rbung bilden m\u00f6gliche Teilgebiete dieser Erarbeitungsphase.<\/p>\n<p>Das Zusammenf\u00fchren der Erkenntnisse \u00fcber die Haarstruktur und die Chemie der Farbstoffe f\u00fchrt zum Mechanismus der Anf\u00e4rbung, ganz gleich ob kurzzeitig oder dauerhaft. Modellexperimente mit Schafschurwolle verifizieren (oder falsifizieren) die Hypothesen der Sch\u00fcler, Experimente zur Qualit\u00e4t der F\u00e4rbung runden die Unterrichtseinheit ab.<\/p>\n<p>F\u00fcr diese Thematik wurde eine low cost-Experimentierbox entwickelt, in der die entsprechenden Materialien \u00fcbersichtlich und griffbereit verf\u00fcgbar sind.<br \/>\nDie Box enth\u00e4lt die in der \u00dcbersicht genannten Farbstoffe, zu f\u00e4rbende Materialien (insbesondere Schafschurwolle eignet sich hervorragend als Modellstruktur f\u00fcr das menschliche Haar), die f\u00fcr die F\u00e4rbungen notwendigen Materialien und in Folie eingeschwei\u00dfte F\u00e4rbeanleitungen, ein &#8222;F\u00e4rbetablett&#8220; f\u00fcr das Farbspray und eine Vorlage f\u00fcr die Dokumentation der F\u00e4rbeergebnisse:<\/p>\n<p><a title=\"box-obern-450.jpg\" href=\"https:\/\/www.joachim-kranz.net\/wp-content\/uploads\/2010\/01\/box-obern-450.jpg\"><img decoding=\"async\" src=\"https:\/\/www.joachim-kranz.net\/wp-content\/uploads\/2010\/01\/box-obern-450.jpg\" alt=\"box-obern-450.jpg\" \/><\/a><\/p>\n<p>Materialbox: oberer Einsatz<\/p>\n<p><a title=\"box-unten-450.jpg\" href=\"https:\/\/www.joachim-kranz.net\/wp-content\/uploads\/2010\/01\/box-unten-450.jpg\"><img decoding=\"async\" src=\"https:\/\/www.joachim-kranz.net\/wp-content\/uploads\/2010\/01\/box-unten-450.jpg\" alt=\"box-unten-450.jpg\" \/><\/a><br \/>\nMaterialbox: unterer Teil mit Farbstoffen und zu f\u00e4rbenden Materialien<\/p>\n<p>Die CD enth\u00e4lt in sechs Abschnitten die Informationen, die f\u00fcr die Unterrichtseinheit von Bedeutung sind:<\/p>\n<p><a title=\"chemie-der-haarfarbung450.bmp\" href=\"https:\/\/www.joachim-kranz.net\/wp-content\/uploads\/2010\/01\/chemie-der-haarfarbung450.bmp\"><img decoding=\"async\" src=\"https:\/\/www.joachim-kranz.net\/wp-content\/uploads\/2010\/01\/chemie-der-haarfarbung450.bmp\" alt=\"chemie-der-haarfarbung450.bmp\" \/><\/a><\/p>\n<p>Mind Map als pdf in besserer\u00a0 Aufl\u00f6sung:<a title=\"Map pdf\" href=\"https:\/\/www.joachim-kranz.net\/wp-content\/uploads\/2009\/11\/cd-heute-blond-und-morgen-grun-die-chemie-der-haarfarbung.pdf\"> Map pdf<\/a><\/p>\n<div align=\"left\"><strong>Die Unterrichtseinheit &#8222;Chemie der Haarf\u00e4rbung&#8220; enth\u00e4lt weitere n\u00fctzliche Tools:<\/strong><br \/>\n&#8211; Aufgaben in den neuen Aufgabenformaten<br \/>\n(Klausuren Gk, L\u00f6sungsb\u00f6gen und Erfolgskontrollen),- Mind Maps und weitere Informations- und Hintergrundmaterialien<br \/>\n(Bildmaterial, Zeitschriftenartikel, Fachtexte), Pr\u00e4sentationen zur Theorie und zur Unterrichtseinheit und Vorlagen f\u00fcr das Spiel &#8222;Haarige Tabus&#8220;.<\/div>\n<div align=\"left\"><\/div>\n<div align=\"left\"><a title=\"farbung-rot-original200.jpg\" href=\"https:\/\/www.joachim-kranz.net\/wp-content\/uploads\/2010\/01\/farbung-rot-original200.jpg\"><img decoding=\"async\" src=\"https:\/\/www.joachim-kranz.net\/wp-content\/uploads\/2010\/01\/farbung-rot-original200.jpg\" alt=\"farbung-rot-original200.jpg\" \/>\u00a0 <\/a><a title=\"henna-originalpackung200.jpg\" href=\"https:\/\/www.joachim-kranz.net\/wp-content\/uploads\/2010\/01\/henna-originalpackung200.jpg\"><img decoding=\"async\" src=\"https:\/\/www.joachim-kranz.net\/wp-content\/uploads\/2010\/01\/henna-originalpackung200.jpg\" alt=\"henna-originalpackung200.jpg\" \/><\/a><\/div>\n<div align=\"left\">Intensiv-Color-Creme &#8211; Besser als Henna?<\/div>\n","protected":false},"excerpt":{"rendered":"<p>Heute blond &#8211; und morgen gr\u00fcn? Die Haarf\u00e4rbung stellt einen ungew\u00f6hnlichen Zugang zur Farbstoffchemie dar. Dieser Lernzyklus bietet mehrere Vorteile:\u00a0 Die praktische Umsetzung interessiert nahezu alle Sch\u00fcler, die Experimente sind leicht durchzuf\u00fchren, der theoretische Hintergrund ist \u00fcberschaubar, aber anspruchsvoll. Er verkn\u00fcpft die Faserchemie (Haare) mit der Farbstoffchemie. Die Ergebnisse sind \u00e4sthetisch anzuschauen und zudem sehr [&hellip;]<\/p>\n","protected":false},"author":2,"featured_media":0,"parent":10,"menu_order":20,"comment_status":"closed","ping_status":"open","template":"","meta":{"footnotes":""},"class_list":["post-186","page","type-page","status-publish","hentry"],"_links":{"self":[{"href":"https:\/\/www.joachim-kranz.net\/index.php\/wp-json\/wp\/v2\/pages\/186","targetHints":{"allow":["GET"]}}],"collection":[{"href":"https:\/\/www.joachim-kranz.net\/index.php\/wp-json\/wp\/v2\/pages"}],"about":[{"href":"https:\/\/www.joachim-kranz.net\/index.php\/wp-json\/wp\/v2\/types\/page"}],"author":[{"embeddable":true,"href":"https:\/\/www.joachim-kranz.net\/index.php\/wp-json\/wp\/v2\/users\/2"}],"replies":[{"embeddable":true,"href":"https:\/\/www.joachim-kranz.net\/index.php\/wp-json\/wp\/v2\/comments?post=186"}],"version-history":[{"count":3,"href":"https:\/\/www.joachim-kranz.net\/index.php\/wp-json\/wp\/v2\/pages\/186\/revisions"}],"predecessor-version":[{"id":974,"href":"https:\/\/www.joachim-kranz.net\/index.php\/wp-json\/wp\/v2\/pages\/186\/revisions\/974"}],"up":[{"embeddable":true,"href":"https:\/\/www.joachim-kranz.net\/index.php\/wp-json\/wp\/v2\/pages\/10"}],"wp:attachment":[{"href":"https:\/\/www.joachim-kranz.net\/index.php\/wp-json\/wp\/v2\/media?parent=186"}],"curies":[{"name":"wp","href":"https:\/\/api.w.org\/{rel}","templated":true}]}}