{"id":232,"date":"2008-05-27T15:34:58","date_gmt":"2008-05-27T13:34:58","guid":{"rendered":"http:\/\/www.joachim-kranz.net\/index.php\/humboldt-schule\/physik\/einsteins-lasershow"},"modified":"2022-04-08T15:40:14","modified_gmt":"2022-04-08T14:40:14","slug":"einsteins-lasershow","status":"publish","type":"page","link":"https:\/\/www.joachim-kranz.net\/index.php\/physik\/einsteins-lasershow","title":{"rendered":"Einsteins Lasershow"},"content":{"rendered":"<p>Wie kann man einen theoretischen Ansatz Einsteins den Sch\u00fclern so nahe bringen, dass \u00fcber ein faszinierende Effkte und Untersuchungen nachhaltiges Wissen kumuliert werden kann? Welche Anwendungen, die aus Einsteins Ideen erwachsen sind, nutzen die Sch\u00fcler, wenn auch in versteckter Form,\u00a0 t\u00e4glich? So liegt es nahe, Einsteins Postulate zur stimulierten Emission mit Laserexperimenten zu verkn\u00fcpfen, die in eine kleine, selbstgebaute Lasershow m\u00fcnden.<\/p>\n<p>Als Aufmacher dienen ein Portrait Einsteins, auf dem er nach einer Fotomontage eine Laser-Lissajousfigur in seiner Hand h\u00e4lt und eine kurze Filmsequenz \u00fcber eine Lasershow.<\/p>\n<p><a title=\"einstein-vorlesung450.jpg\" href=\"https:\/\/www.joachim-kranz.net\/wp-content\/uploads\/2010\/01\/einstein-vorlesung450.jpg\"><img decoding=\"async\" src=\"https:\/\/www.joachim-kranz.net\/wp-content\/uploads\/2010\/01\/einstein-vorlesung450.jpg\" alt=\"einstein-vorlesung450.jpg\" \/><\/a><\/p>\n<p>Sch\u00fclerideen zu den interessanten Aspekten eines Lasers, einer Lasershow und zu Einstein werden in einer Mind Map gesammelt und strukturiert.<\/p>\n<p>Das theoretische R\u00fcstzeug erarbeiten sich die Sch\u00fcler in einem Workbook mit dem Titel: vom Lichtteilchen zum Photon. Historische Betrachtungen des Lichtes und er Lichttheorien f\u00fchren \u00fcber Huygens, Newton, Bohr zu Einstein. Eine Vertiefung der von Einstein postulierten stimulierten Emission schlie\u00dft sich an. Es ist der Bogen zu spannen von der Umsetzung der Idee bis zum Aufbau eines Lasers.<\/p>\n<p>Der Forschungsauftrag &#8222;Was ist Granulation&#8220; f\u00fchrt zu einer n\u00e4heren Besch\u00e4ftigung mit dem Laserlicht, insbesondere zur Erarbeitung der Unterschiede zwischen herk\u00f6mmlichem Licht und Laserstrahlung.<\/p>\n<p>&#8222;Laser &#8211; das andere Licht&#8220;: die Erarbeitungsphase 2 f\u00fchrt zu einem vertieften Verst\u00e4ndnis der Eigenschaften des Laserlichtes &#8211; Interferenzversuche und vielf\u00e4ltige Anwendungen werden in Teams bearbeitet, zum Teil auch eigenst\u00e4ndig recherchiert. Handouts und Plakate zum CD\/DVD-Player, zu Augenoperationen, zum Lidar und zur Holographie sichern die Palette der Unterthemen.<\/p>\n<p><a title=\"Versuchsaufbau\" href=\"https:\/\/www.joachim-kranz.net\/wp-content\/uploads\/2008\/05\/p1010192web_20.jpg\"><img decoding=\"async\" src=\"https:\/\/www.joachim-kranz.net\/wp-content\/uploads\/2008\/05\/p1010192web_20.jpg\" alt=\"Versuchsaufbau\" \/><\/a><\/p>\n<p>low-cost-Versuchsaufbau mit Laser, Laserlinse und Schirm unter Nutzung einer Cornelsen Optik-Box<\/p>\n<p><a title=\"Beugungsobjekte\" href=\"https:\/\/www.joachim-kranz.net\/wp-content\/uploads\/2008\/05\/beugungsobjekt3-inv_web_50.jpg\"><img decoding=\"async\" src=\"https:\/\/www.joachim-kranz.net\/wp-content\/uploads\/2008\/05\/beugungsobjekt3-inv_web_50.jpg\" alt=\"Beugungsobjekte\" \/><br \/>\n<\/a><\/p>\n<p>Scan der Beugungsobjekte<\/p>\n<p><a title=\"Bauteile\" href=\"https:\/\/www.joachim-kranz.net\/wp-content\/uploads\/2008\/05\/p1010194web_20.jpg\"><img decoding=\"async\" src=\"https:\/\/www.joachim-kranz.net\/wp-content\/uploads\/2008\/05\/p1010194web_20.jpg\" alt=\"Bauteile\" \/><\/a><\/p>\n<p>Die wesentlichen Bauteile der Interferenzversuche<\/p>\n<p>Das Projekt Lasershow f\u00fchrt dann in einer Gruppenarbeit zum Bau einer Minilasershow. Aufbau und Funktion der Schaltung werden erkl\u00e4rt, die Lissajous-Figuren werden fotografiert und ausgewertet.<\/p>\n<p><a title=\"lasershow-prinzipaufbau-450.jpg\" href=\"https:\/\/www.joachim-kranz.net\/wp-content\/uploads\/2010\/01\/lasershow-prinzipaufbau-450.jpg\"><img decoding=\"async\" src=\"https:\/\/www.joachim-kranz.net\/wp-content\/uploads\/2010\/01\/lasershow-prinzipaufbau-450.jpg\" alt=\"lasershow-prinzipaufbau-450.jpg\" \/><\/a><\/p>\n<p>Prinzip-Schaltbild der Lasershow<\/p>\n<p><a title=\"Lis1\" href=\"https:\/\/www.joachim-kranz.net\/wp-content\/uploads\/2008\/05\/lasershow-foto2-web20.jpg\"><img decoding=\"async\" src=\"https:\/\/www.joachim-kranz.net\/wp-content\/uploads\/2008\/05\/lasershow-foto2-web20.jpg\" alt=\"Lis1\" \/>Lissajous-Figuren<\/a><\/p>\n<p><a title=\"Lis2\" href=\"https:\/\/www.joachim-kranz.net\/wp-content\/uploads\/2008\/05\/p1010152web25.jpg\"><img decoding=\"async\" src=\"https:\/\/www.joachim-kranz.net\/wp-content\/uploads\/2008\/05\/p1010152web25.jpg\" alt=\"Lis2\" \/><\/a><\/p>\n<p>Vertiefend sind vielf\u00e4ltige Erweiterungen im Hinblick auf Interferenzversuche denkbar. So kann relativ leicht der Abstand der Informationsspuren auf einer CD mit einer Oberstufengruppe bestimmt werden. Strichcode-Leser k\u00f6nnen mit einfachen Mitteln konstruiert und getestet werden.<\/p>\n<p>Alle ben\u00f6tigten Bauteile wurden \u00fcber den Elektronik-Versandhandel preisg\u00fcnstig bestellt, bzw. \u00fcber die TU-Berlin bezogen.<\/p>\n<p><a title=\"Lasershow-Aufbau\" href=\"https:\/\/www.joachim-kranz.net\/wp-content\/uploads\/2008\/05\/lasershow-prinzipaufbauweb_75.jpg\"><img loading=\"lazy\" decoding=\"async\" src=\"https:\/\/www.joachim-kranz.net\/wp-content\/uploads\/2013\/06\/Einsteins-Lasershow-Deckblatt.jpg\" alt=\"Einsteins Lasershow\" width=\"455\" height=\"600\" \/><\/a><\/p>\n<p align=\"center\">\n","protected":false},"excerpt":{"rendered":"<p>Wie kann man einen theoretischen Ansatz Einsteins den Sch\u00fclern so nahe bringen, dass \u00fcber ein faszinierende Effkte und Untersuchungen nachhaltiges Wissen kumuliert werden kann? Welche Anwendungen, die aus Einsteins Ideen erwachsen sind, nutzen die Sch\u00fcler, wenn auch in versteckter Form,\u00a0 t\u00e4glich? So liegt es nahe, Einsteins Postulate zur stimulierten Emission mit Laserexperimenten zu verkn\u00fcpfen, die [&hellip;]<\/p>\n","protected":false},"author":2,"featured_media":0,"parent":11,"menu_order":2,"comment_status":"closed","ping_status":"open","template":"","meta":{"footnotes":""},"class_list":["post-232","page","type-page","status-publish","hentry"],"_links":{"self":[{"href":"https:\/\/www.joachim-kranz.net\/index.php\/wp-json\/wp\/v2\/pages\/232","targetHints":{"allow":["GET"]}}],"collection":[{"href":"https:\/\/www.joachim-kranz.net\/index.php\/wp-json\/wp\/v2\/pages"}],"about":[{"href":"https:\/\/www.joachim-kranz.net\/index.php\/wp-json\/wp\/v2\/types\/page"}],"author":[{"embeddable":true,"href":"https:\/\/www.joachim-kranz.net\/index.php\/wp-json\/wp\/v2\/users\/2"}],"replies":[{"embeddable":true,"href":"https:\/\/www.joachim-kranz.net\/index.php\/wp-json\/wp\/v2\/comments?post=232"}],"version-history":[{"count":4,"href":"https:\/\/www.joachim-kranz.net\/index.php\/wp-json\/wp\/v2\/pages\/232\/revisions"}],"predecessor-version":[{"id":929,"href":"https:\/\/www.joachim-kranz.net\/index.php\/wp-json\/wp\/v2\/pages\/232\/revisions\/929"}],"up":[{"embeddable":true,"href":"https:\/\/www.joachim-kranz.net\/index.php\/wp-json\/wp\/v2\/pages\/11"}],"wp:attachment":[{"href":"https:\/\/www.joachim-kranz.net\/index.php\/wp-json\/wp\/v2\/media?parent=232"}],"curies":[{"name":"wp","href":"https:\/\/api.w.org\/{rel}","templated":true}]}}