{"id":303,"date":"2009-06-07T21:14:16","date_gmt":"2009-06-07T19:14:16","guid":{"rendered":"http:\/\/www.joachim-kranz.net\/index.php\/chemie\/energydrinks"},"modified":"2022-04-21T16:45:20","modified_gmt":"2022-04-21T15:45:20","slug":"energydrinks","status":"publish","type":"page","link":"https:\/\/www.joachim-kranz.net\/index.php\/chemie\/energydrinks","title":{"rendered":"Energydrinks"},"content":{"rendered":"<p>Red Bull, Bomba Energy, Flying Horse &#8211; Teure und kraftvolle Energiespender?<\/p>\n<p>Ist es sinnvoll, die teuren Energydrinks mit den klingenden Namen zu kaufen und zu konsumieren? Helfen Sie beim Marathonlauf und bei der n\u00e4chsten anstrengenden Klausur? Zu diesem Thema haben die Sch\u00fclerinnen und Sch\u00fcler eine Vielzahl an Fragen, die zum gro\u00dfen Teil mit dieser Unterrichtseinheit beantwortet werden sollen. Last but not least sollen die Sch\u00fclerinnen und Sch\u00fcler einen selbst zusammengestellten Energydrink entwickeln und herstellen. Dabei bleibt es nicht bei der Herstellung: Es ist ein eigenes Label zu entwerfen und die gesamte Gruppe wird anschlie\u00dfend Geschmack und Label der eigenen Drinks begutachten und bewerten.<\/p>\n<p><a title=\"ed-flaschen.jpg\" href=\"https:\/\/www.joachim-kranz.net\/wp-content\/uploads\/2010\/01\/ed-flaschen.jpg\"><img decoding=\"async\" src=\"https:\/\/www.joachim-kranz.net\/wp-content\/uploads\/2010\/01\/ed-flaschen.jpg\" alt=\"ed-flaschen.jpg\" \/><\/a><\/p>\n<p align=\"justify\">Der 1. Schwerpunkt der Unterrichtseinheit liegt im Bereich der Zuckeranalytik. Welche Zucker lassen sich nachweisen? Sind Mono &#8211; oder Disaccharide enthalten? Oder beide? Reicht die Fehlingprobe f\u00fcr einen eindeutigen Nachweis?<br \/>\nDiese Analytik \u00e4hnelt einer kriminaltechnischen Untersuchung. Die Grundlagen der Nachweismethoden werden gekl\u00e4rt und immer weiter verfeinert, bis letztendlich unter Ber\u00fccksichtigung aller Indizien die enthaltenen Zucker gekl\u00e4rt sind. Der 2. Schwerpunkt untersucht die energetische Seite der entsprechenden Zucker. Vergleiche der Zuckerkonzentrationen anderer Getr\u00e4nke (Cola, Apfelschorle, Traubensaft u.a.) zeigen in vielen F\u00e4lle die Gleichwertigkeit der Energiebereitstellung. An dieser Stelle ist es f\u00fcr die Sch\u00fclerinnen und Sch\u00fcler wichtig, mehr \u00fcber den t\u00e4glichen Zuckerbedarf in Ruhe und in Bewegung zu lernen. Erst im Zusammenhang wird die Bewertung der Energydrinks m\u00f6glich! Der 3. Schwerpunkt behandelt die weiteren wichtigen Bestandteile Coffein und Taurin.<\/p>\n<p align=\"justify\">Nach einer Kl\u00e4rung der in den Energydrinks enthaltenen (Wirk-)Stoffe, werden von den Teams eigene Rezepte entwickelt. Die individuelle auspr\u00e4gung betrifft neben der Rezeptur auch die Farbgebung (durch den selbst produzierten Farbstoff Zuckercouleur oder durch andere Lebensmittelfarbstoffe) auch die Kreation eines Labels.<\/p>\n<p align=\"justify\"><a title=\"ed-gruppe-drinks.jpg\" href=\"https:\/\/www.joachim-kranz.net\/wp-content\/uploads\/2010\/01\/ed-gruppe-drinks.jpg\"><img decoding=\"async\" src=\"https:\/\/www.joachim-kranz.net\/wp-content\/uploads\/2010\/01\/ed-gruppe-drinks.jpg\" alt=\"ed-gruppe-drinks.jpg\" \/><\/a><br \/>\nHerstellung des Energydrinks nach eigener Rezeptur<\/p>\n<p align=\"justify\"><a title=\"ed-zuckercoouleur.jpg\" href=\"https:\/\/www.joachim-kranz.net\/wp-content\/uploads\/2010\/01\/ed-zuckercoouleur.jpg\"><img decoding=\"async\" src=\"https:\/\/www.joachim-kranz.net\/wp-content\/uploads\/2010\/01\/ed-zuckercoouleur.jpg\" alt=\"ed-zuckercoouleur.jpg\" \/><\/a><br \/>\nKaramelisierung f\u00fchrt zum Farbstoff Zuckercouleur<\/p>\n<p align=\"justify\"><a title=\"ed-abfullung.jpg\" href=\"https:\/\/www.joachim-kranz.net\/wp-content\/uploads\/2010\/01\/ed-abfullung.jpg\"><img decoding=\"async\" src=\"https:\/\/www.joachim-kranz.net\/wp-content\/uploads\/2010\/01\/ed-abfullung.jpg\" alt=\"ed-abfullung.jpg\" \/><\/a><br \/>\nAbf\u00fcllung des Energydrinks<\/p>\n<p align=\"justify\">Die Phasenplanung k\u00f6nnen Sie hier in einer pdf-datei einsehen: Tabellarische \u00dcbersicht zur <a title=\"Phasenplanung\" href=\"https:\/\/www.joachim-kranz.net\/wp-content\/uploads\/2009\/12\/01-ed-phasenplanung.pdf\">Phasenplanung<\/a>.<\/p>\n<p align=\"justify\"><a title=\"ed-label-energydrinks.jpg\" href=\"https:\/\/www.joachim-kranz.net\/wp-content\/uploads\/2010\/01\/ed-label-energydrinks.jpg\"><img decoding=\"async\" src=\"https:\/\/www.joachim-kranz.net\/wp-content\/uploads\/2010\/01\/ed-label-energydrinks.jpg\" alt=\"ed-label-energydrinks.jpg\" \/><\/a><\/p>\n<p align=\"justify\">\n","protected":false},"excerpt":{"rendered":"<p>Red Bull, Bomba Energy, Flying Horse &#8211; Teure und kraftvolle Energiespender? Ist es sinnvoll, die teuren Energydrinks mit den klingenden Namen zu kaufen und zu konsumieren? Helfen Sie beim Marathonlauf und bei der n\u00e4chsten anstrengenden Klausur? Zu diesem Thema haben die Sch\u00fclerinnen und Sch\u00fcler eine Vielzahl an Fragen, die zum gro\u00dfen Teil mit dieser Unterrichtseinheit [&hellip;]<\/p>\n","protected":false},"author":2,"featured_media":0,"parent":10,"menu_order":17,"comment_status":"closed","ping_status":"open","template":"","meta":{"footnotes":""},"class_list":["post-303","page","type-page","status-publish","hentry"],"_links":{"self":[{"href":"https:\/\/www.joachim-kranz.net\/index.php\/wp-json\/wp\/v2\/pages\/303","targetHints":{"allow":["GET"]}}],"collection":[{"href":"https:\/\/www.joachim-kranz.net\/index.php\/wp-json\/wp\/v2\/pages"}],"about":[{"href":"https:\/\/www.joachim-kranz.net\/index.php\/wp-json\/wp\/v2\/types\/page"}],"author":[{"embeddable":true,"href":"https:\/\/www.joachim-kranz.net\/index.php\/wp-json\/wp\/v2\/users\/2"}],"replies":[{"embeddable":true,"href":"https:\/\/www.joachim-kranz.net\/index.php\/wp-json\/wp\/v2\/comments?post=303"}],"version-history":[{"count":1,"href":"https:\/\/www.joachim-kranz.net\/index.php\/wp-json\/wp\/v2\/pages\/303\/revisions"}],"predecessor-version":[{"id":972,"href":"https:\/\/www.joachim-kranz.net\/index.php\/wp-json\/wp\/v2\/pages\/303\/revisions\/972"}],"up":[{"embeddable":true,"href":"https:\/\/www.joachim-kranz.net\/index.php\/wp-json\/wp\/v2\/pages\/10"}],"wp:attachment":[{"href":"https:\/\/www.joachim-kranz.net\/index.php\/wp-json\/wp\/v2\/media?parent=303"}],"curies":[{"name":"wp","href":"https:\/\/api.w.org\/{rel}","templated":true}]}}