{"id":309,"date":"2009-06-08T22:22:30","date_gmt":"2009-06-08T20:22:30","guid":{"rendered":"http:\/\/www.joachim-kranz.net\/index.php\/chemie\/aluminium"},"modified":"2022-04-06T19:40:59","modified_gmt":"2022-04-06T18:40:59","slug":"aluminium","status":"publish","type":"page","link":"https:\/\/www.joachim-kranz.net\/index.php\/chemie\/aluminium","title":{"rendered":"Aluminium"},"content":{"rendered":"<p class=\"MsoNormal\"><strong>Aluminium <\/strong><strong>\u2013 <\/strong><strong>silbernes Metall <\/strong><strong>mit gl\u00e4nzender Zukunft<\/strong><\/p>\n<p class=\"MsoNormal\"><strong>\u00a0<\/strong><\/p>\n<p class=\"MsoNormal\"><strong>Aluminium ist aus unserem Leben nicht mehr wegzudenken. Moderne Technologien, Anstrengungen der Industrie und eine schier unendliche Lebensdauer polieren die \u00d6kobilanz des Leichtmetalls auf.<\/strong><\/p>\n<p class=\"MsoNormal\">Aluminium verf\u00fcgt \u00fcber Eigenschaften, die es f\u00fcr die heutige Welt unentbehrlich machen: Es weist eine enorme Stabilit\u00e4t bei niedrigem Gewicht auf, ist korrosionsbest\u00e4ndig, beliebig formbar, ungiftig, mit anderen Stoffen kombinierbar und schier endlos wiederverwertbar. Aluminium l\u00e4sst sich zu Motorbl\u00f6cken giessen, zu hauchd\u00fcnnen Folien walzen, zu Dosen ziehen. Es bringt Flugzeuge und Weltraumf\u00e4hren in die Luft, Fracht und Passagierschiffe aufs Wasser. Aluminium reduziert das Gewicht und verl\u00e4ngert die Lebensdauer von Eisenbahnen, Autos und Lastern. Es erh\u00f6ht die Widerstandsf\u00e4higkeit von Geb\u00e4uden, erm\u00f6glicht die dauerhafte Verpackung von Lebensmitteln und Medikamenten und bildet die Basis f\u00fcr die Entwicklung neuartiger Werkstoffe. Aluminiumerz ist das h\u00e4ufigste Metall der Erdkruste und in fast unersch\u00f6pflichem Ausma\u00df vorhanden. Heute \u00fcbersteigt die Aluminiumproduktion mit weltweit 20 Millionen Tonnen pro Jahr die aller anderen kombinierten Nicht-Eisenmetalle.<\/p>\n<p class=\"MsoNormal\">Die aktuelle Akkuforschung untersucht die Verwendung von Aluminium in Batterien und Akkus. F\u00fcr die Zukunft erhofft man preiswerte, leichte und leistungsf\u00e4hige Energiequellen auf Aluminiumbasis.<br \/>\nQuelle : Cecelia K\u00fcpfer, noa-invest 2.02<\/p>\n<p class=\"MsoNormal\"><a title=\"alu-in-dk.jpg\" href=\"https:\/\/www.joachim-kranz.net\/wp-content\/uploads\/2010\/01\/alu-in-dk.jpg\"><img decoding=\"async\" src=\"https:\/\/www.joachim-kranz.net\/wp-content\/uploads\/2010\/01\/alu-in-dk.jpg\" alt=\"alu-in-dk.jpg\" \/><\/a><\/p>\n<p class=\"MsoNormal\">Aluminium ist ein Metall, dessen Eigenschaften auch nach seiner Nutzung in einem Produkt nicht beeintr\u00e4chtigt werden, so dass Aluminium beliebig oft ohne Qualit\u00e4tsverlust wiederverwertet werden kann. Der hohe Metallwert bleibt erhalten und bildet einen ausreichenden wirtschaftlichen Anreiz, das Metall auch tats\u00e4chlich am Ende seiner Nutzungsphase zu erfassen, aufzubereiten, zu schmelzen und erneut in gleicher bzw. vergleichbarer Weise zu nutzen.<\/p>\n<p class=\"MsoNormal\">Das Metall Aluminium bildet als Werkstoff und Energiequelle einen hervorragenden Kontext f\u00fcr den Chemie-unterricht. Neben der Metallgewinnung, hier insbesondere auch den energetischen und \u00f6kologischen Aspekten, k\u00f6nnen<br \/>\n&#8211; die Eigenschaften des Aluminiums einigen anderen Metallen gegen\u00fcbergestellt,<br \/>\n&#8211; die Einsatzbereiche aus dem direkten Umfeld der Sch\u00fclerinnen und Sch\u00fcler aufgezeigt,<br \/>\n&#8211; die Erkenntnisse der modernen Forschung bez\u00fcglich der Aluminum-Luft-Akku thematisiert und<br \/>\n&#8211; Stoffkreisl\u00e4ufe insbesondere unter Recyclingaspekten behandelt werden.<\/p>\n<p class=\"MsoNormal\"><a title=\"al-korrosion.jpg\" href=\"https:\/\/www.joachim-kranz.net\/wp-content\/uploads\/2010\/01\/al-korrosion.jpg\"><img decoding=\"async\" src=\"https:\/\/www.joachim-kranz.net\/wp-content\/uploads\/2010\/01\/al-korrosion.jpg\" alt=\"al-korrosion.jpg\" \/><\/a><\/p>\n<p class=\"MsoNormal\">Korrosionsversuche mit verschiedenen Metallen<\/p>\n<p class=\"MsoNormal\">F\u00e4hrt Aluminium wirklich \u201eauf der \u00dcberholspur\u201c? Die Zukunft dieses gl\u00e4nzenden Werkstoffes l\u00e4sst sich mit den Sch\u00fclerinnen und Sch\u00fclern unter Hinzuziehung einer Vielzahl von Experimenten und Fakten aufkl\u00e4ren!<\/p>\n<p class=\"MsoNormal\">Eine Mind-Map der angesteuerten Kompetenzbereiche k\u00f6nnen Sie hier einsehen:<a title=\"Mind-Map der UE Aluminium\" href=\"https:\/\/www.joachim-kranz.net\/wp-content\/uploads\/2009\/06\/aluminium-glanzender-werkstoff-und-leichte-energiequelle.pdf\"> Mind-Map der UE Aluminium<\/a><\/p>\n<p class=\"MsoNormal\">Die Unterrichtseinheit <strong>\u201eAluminium \u2013 gl\u00e4nzender Werkstoff und leichte Energiequelle<\/strong>\u201c zeigt, wie sich moderner Chemieunterricht \u00a0darstellen sollte: spannend, experimentell gepr\u00e4gt, nachhaltig, an dem Umfeld der Sch\u00fclerinnen und Sch\u00fcler, aber auch an aktueller Wissenschaft orientiert. Ein Best-Practice-Beispiel f\u00fcr globales Lernen!<\/p>\n<p class=\"MsoNormal\">\u00a0<a title=\"al-luft-akku.jpg\" href=\"https:\/\/www.joachim-kranz.net\/wp-content\/uploads\/2010\/01\/al-luft-akku.jpg\"><img decoding=\"async\" src=\"https:\/\/www.joachim-kranz.net\/wp-content\/uploads\/2010\/01\/al-luft-akku.jpg\" alt=\"al-luft-akku.jpg\" \/><\/a><\/p>\n<p class=\"MsoNormal\">Funktionsf\u00e4higer Alu-Luft-Akku mit einer Al-beschichteten CD<\/p>\n<p class=\"MsoNormal\">Diese Unterrichtseinheit schlie\u00dft sich nahtlos an die Unterrichtseinheit &#8222;Chemie der Raketentreibstoffe&#8220; an.\u00a0 Die Aspekte des Donator-Akzeptor- und des Energie-Konzepts werden im Bereich des Werkstoffs Aluminium und der Elektrochemie vertieft.<\/p>\n<p class=\"MsoNormal\">Tipp: Im Rahmen der Unterrichtseinehit empfiehlt sich eine Betriebsbesichtigung bei einer Alu-verarbeitenden Firma. In Berlin stellt die Firma Rexam Aludosen her.<\/p>\n<p class=\"MsoNormal\"><a title=\"al-buchsen-rexam.jpg\" href=\"https:\/\/www.joachim-kranz.net\/wp-content\/uploads\/2010\/01\/al-buchsen-rexam.jpg\"><img decoding=\"async\" src=\"https:\/\/www.joachim-kranz.net\/wp-content\/uploads\/2010\/01\/al-buchsen-rexam.jpg\" alt=\"al-buchsen-rexam.jpg\" \/><\/a><\/p>\n","protected":false},"excerpt":{"rendered":"<p>Aluminium \u2013 silbernes Metall mit gl\u00e4nzender Zukunft \u00a0 Aluminium ist aus unserem Leben nicht mehr wegzudenken. Moderne Technologien, Anstrengungen der Industrie und eine schier unendliche Lebensdauer polieren die \u00d6kobilanz des Leichtmetalls auf. Aluminium verf\u00fcgt \u00fcber Eigenschaften, die es f\u00fcr die heutige Welt unentbehrlich machen: Es weist eine enorme Stabilit\u00e4t bei niedrigem Gewicht auf, ist korrosionsbest\u00e4ndig, [&hellip;]<\/p>\n","protected":false},"author":2,"featured_media":0,"parent":10,"menu_order":12,"comment_status":"closed","ping_status":"open","template":"","meta":{"footnotes":""},"class_list":["post-309","page","type-page","status-publish","hentry"],"_links":{"self":[{"href":"https:\/\/www.joachim-kranz.net\/index.php\/wp-json\/wp\/v2\/pages\/309","targetHints":{"allow":["GET"]}}],"collection":[{"href":"https:\/\/www.joachim-kranz.net\/index.php\/wp-json\/wp\/v2\/pages"}],"about":[{"href":"https:\/\/www.joachim-kranz.net\/index.php\/wp-json\/wp\/v2\/types\/page"}],"author":[{"embeddable":true,"href":"https:\/\/www.joachim-kranz.net\/index.php\/wp-json\/wp\/v2\/users\/2"}],"replies":[{"embeddable":true,"href":"https:\/\/www.joachim-kranz.net\/index.php\/wp-json\/wp\/v2\/comments?post=309"}],"version-history":[{"count":3,"href":"https:\/\/www.joachim-kranz.net\/index.php\/wp-json\/wp\/v2\/pages\/309\/revisions"}],"predecessor-version":[{"id":895,"href":"https:\/\/www.joachim-kranz.net\/index.php\/wp-json\/wp\/v2\/pages\/309\/revisions\/895"}],"up":[{"embeddable":true,"href":"https:\/\/www.joachim-kranz.net\/index.php\/wp-json\/wp\/v2\/pages\/10"}],"wp:attachment":[{"href":"https:\/\/www.joachim-kranz.net\/index.php\/wp-json\/wp\/v2\/media?parent=309"}],"curies":[{"name":"wp","href":"https:\/\/api.w.org\/{rel}","templated":true}]}}