{"id":322,"date":"2009-10-04T23:01:08","date_gmt":"2009-10-04T21:01:08","guid":{"rendered":"http:\/\/www.joachim-kranz.net\/index.php\/achterbahnprojekt"},"modified":"2022-04-08T15:42:53","modified_gmt":"2022-04-08T14:42:53","slug":"achterbahnprojekt","status":"publish","type":"page","link":"https:\/\/www.joachim-kranz.net\/index.php\/physik\/achterbahnprojekt","title":{"rendered":"Achterbahnprojekt"},"content":{"rendered":"<h3>Das berauschende Spiel mit der Schwerkraft<\/h3>\n<p class=\"MsoNormal\"><strong>Schwereloses Fliegen. Verschraubte Senkrechtst\u00fcrze. Achterbahntechnologie von heute macht so ziemlich alles m\u00f6glich.<\/strong><\/p>\n<p class=\"MsoNormal\">\u201eMenschen begeistern\u201c hat der VDI eine Brosch\u00fcre zu naturwissenschaftlichen Berufen betitelt und die \u00dcberschrift in ein Bild einer Achterbahn eingef\u00fcgt. Nicht nur Studenten, gerade auch Sch\u00fclerinnen und Sch\u00fcler lassen sich im trockenen Themenbereich der Mechanik begeistern, wenn die anspruchsvollen Inhalte mit interessanten Kontexten in Verbindung gebracht werden.<\/p>\n<p class=\"MsoNormal\"><a title=\"Menschen begeistern\" href=\"https:\/\/www.joachim-kranz.net\/wp-content\/uploads\/2009\/10\/menschen-begeistern-vdi-15.jpg\"><img decoding=\"async\" src=\"https:\/\/www.joachim-kranz.net\/wp-content\/uploads\/2009\/10\/menschen-begeistern-vdi-15.jpg\" alt=\"Menschen begeistern\" \/><\/a><\/p>\n<p class=\"MsoNormal\">\n<p class=\"MsoNormal\">Die Achterbahn ist fester Bestandteil des Oktoberfestes und jeder gr\u00f6\u00dferen Kirmes. Sch\u00fclerinnen und Sch\u00fcler erleben gern den Nervenkitzel der hohen Geschwindigkeiten von mehr als 200 km\/h, der Momente der extremen Seitenkr\u00e4fte und der Schwerelosigkeit.<\/p>\n<p>Die Unterrichtseinheit greift diese Begeisterung auf und erkl\u00e4rt die Bewegungsabl\u00e4ufe ausgehend von einfachen Bewegungen (freier Fall, waagerechter Wurf) bis hin zu komplexen Kreisbewegungen bei Klothoidenloopings.<\/p>\n<p><a title=\"achterbahn-kaefer-kante.jpg\" href=\"https:\/\/www.joachim-kranz.net\/wp-content\/uploads\/2010\/01\/achterbahn-kaefer-kante.jpg\"><img decoding=\"async\" src=\"https:\/\/www.joachim-kranz.net\/wp-content\/uploads\/2010\/01\/achterbahn-kaefer-kante.jpg\" alt=\"achterbahn-kaefer-kante.jpg\" \/><\/a><br \/>\nBestimmung der Momentangeschwindigkeit beim Sprung des K\u00e4fers \u00fcber die Kante<\/p>\n<p><a title=\"achterbahnproj-kopfballversuch2.jpg\" href=\"https:\/\/www.joachim-kranz.net\/wp-content\/uploads\/2010\/01\/achterbahnproj-kopfballversuch2.jpg\"><img decoding=\"async\" src=\"https:\/\/www.joachim-kranz.net\/wp-content\/uploads\/2010\/01\/achterbahnproj-kopfballversuch2.jpg\" alt=\"achterbahnproj-kopfballversuch2.jpg\" \/><\/a><br \/>\nKopfballversuch: Planung, Durchf\u00fchrung und Auswertung eines Versuches zu einem Sprung eines bewegten Autos durch einen fallenden Ring<\/p>\n<p>Der Schwerpunkt der Kompetenzentwicklung liegt neben den fachwissenschaftlichen Inhalten im Bereich des selbstbestimmten Lernens und Experimentierens. Die einf\u00fchrenden Versuche sind klassische Kopfballversuche, also Versuche bei denen ein bestimmtes Versuchsziel erreicht werden soll, ohne eine exakte Versuchsplanung und Durchf\u00fchrung vorzugeben. Insbesondere der 2. Kopfballversuch, die experimentelle Realisierung des Sprunges eines bewegten Autos durch einen fallenden Ring verdeutlicht die Anforderungen: vertiefte fachwissenschaftliche Vor\u00fcberlegungen werden eng mit experimentellem Geschick und einer ausf\u00fchrlichen mathematisch-physikalischen Auswertung verkn\u00fcpft. Der Vorteil f\u00fcr die Lehrkraft liegt auf der Hand. Die Sch\u00fclerinnen und Sch\u00fcler arbeiten in Teilbereichen eigenst\u00e4ndig und es verbleibt gen\u00fcgend Zeit, die Arbeit der Sch\u00fcler zu beobachten, zu begleiten und zu bewerten. Dieser Versuch l\u00e4sst sich zudem elegant per Video aufnehmen und mit der beiliegenden Software auswerten. Die Berechnungen der Sch\u00fcler k\u00f6nnen auf einfachste Weise den automatisierten Berechnungen der Videoanalyse gegen\u00fcbergestellt werden.<\/p>\n<p>In einem 2. Teil zum Thema Kreisbewegungen wird ein Workbook eingesetzt, das die Sch\u00fclerinnen und Sch\u00fcler in einer Teamarbeitsphase in Kleingruppen bearbeiten. <!-- [if gte vml 1]><v:shapetype id=\"_x0000_t75\" coordsize=\"21600,21600\" o:spt=\"75\"  o:preferrelative=\"t\" path=\"m@4@5l@4@11@9@11@9@5xe\" filled=\"f\" stroked=\"f\">  <v:stroke joinstyle=\"miter\"\/>  <v:formulas>   <v:f eqn=\"if lineDrawn pixelLineWidth 0\"\/>   <v:f eqn=\"sum @0 1 0\"\/>   <v:f eqn=\"sum 0 0 @1\"\/>   <v:f eqn=\"prod @2 1 2\"\/>   <v:f eqn=\"prod @3 21600 pixelWidth\"\/>   <v:f eqn=\"prod @3 21600 pixelHeight\"\/>   <v:f eqn=\"sum @0 0 1\"\/>   <v:f eqn=\"prod @6 1 2\"\/>   <v:f eqn=\"prod @7 21600 pixelWidth\"\/>   <v:f eqn=\"sum @8 21600 0\"\/>   <v:f eqn=\"prod @7 21600 pixelHeight\"\/>   <v:f eqn=\"sum @10 21600 0\"\/>  <\/v:formulas>  <v:path o:extrusionok=\"f\" gradientshapeok=\"t\" o:connecttype=\"rect\"\/>  <o:lock v:ext=\"edit\" aspectratio=\"t\"\/> <\/v:shapetype><v:shape id=\"_x0000_s1026\" type=\"#_x0000_t75\" style='position:absolute;  margin-left:93.5pt;margin-top:35.95pt;width:355.4pt;height:201.2pt;z-index:1;  mso-wrap-edited:f' wrapcoords=\"-51 0 -51 21510 21600 21510 21600 0 -51 0\">  <v:imagedata xsrc=\"file:\/\/\/C:\\DOKUME~1\\JKACHI~1.000\\LOKALE~1\\Temp\\msohtml1\\01\\clip_image001.jpg\" mce_src=\"file:\/\/\/C:\\DOKUME~1\\JKACHI~1.000\\LOKALE~1\\Temp\\msohtml1\\01\\clip_image001.jpg\"   o:title=\"v-t-Diagramm_Achterbahn\"\/>  <w:wrap type=\"tight\"\/> <\/v:shape><![endif]--><!-- [if !vml]--><!--[endif]-->Eine optimale Abrundung der Unterrichtseinheit w\u00e4re nat\u00fcrlich der gemeinsame Besuch einer Kirmes mit einer gemeinsamen Achterbahnfahrt!<\/p>\n<p><a title=\"achterbahnprojekt-map.bmp\" href=\"https:\/\/www.joachim-kranz.net\/wp-content\/uploads\/2010\/01\/achterbahnprojekt-map.bmp\"><img decoding=\"async\" src=\"https:\/\/www.joachim-kranz.net\/wp-content\/uploads\/2010\/01\/achterbahnprojekt-map.bmp\" alt=\"achterbahnprojekt-map.bmp\" \/><\/a><br \/>\nDie in dieser Unterrichtseinheit eine Rolle spielenden Kompetenzbereiche und die zugeordneten Inhalte k\u00f6nnen Sie der obigen Mind Map entnehmen.<\/p>\n<p><a title=\"pdf-Achterbahnprojekt\" href=\"https:\/\/www.joachim-kranz.net\/wp-content\/uploads\/2009\/10\/achterbahnprojekt-2.pdf\">Map in besserer Aufl\u00f6sung: pdf-Achterbahnprojekt<\/a><\/p>\n<p><a title=\"achterbahn-austellung.jpg\" href=\"https:\/\/www.joachim-kranz.net\/wp-content\/uploads\/2010\/01\/achterbahn-austellung.jpg\"><img decoding=\"async\" src=\"https:\/\/www.joachim-kranz.net\/wp-content\/uploads\/2010\/01\/achterbahn-austellung.jpg\" alt=\"achterbahn-austellung.jpg\" \/><\/a><br \/>\nAchterbahn-Ausstellungsstand in den Borsighallen in Tegel (Leonhard und Achill)<\/p>\n","protected":false},"excerpt":{"rendered":"<p>Das berauschende Spiel mit der Schwerkraft Schwereloses Fliegen. Verschraubte Senkrechtst\u00fcrze. Achterbahntechnologie von heute macht so ziemlich alles m\u00f6glich. \u201eMenschen begeistern\u201c hat der VDI eine Brosch\u00fcre zu naturwissenschaftlichen Berufen betitelt und die \u00dcberschrift in ein Bild einer Achterbahn eingef\u00fcgt. Nicht nur Studenten, gerade auch Sch\u00fclerinnen und Sch\u00fcler lassen sich im trockenen Themenbereich der Mechanik begeistern, wenn [&hellip;]<\/p>\n","protected":false},"author":2,"featured_media":0,"parent":11,"menu_order":14,"comment_status":"closed","ping_status":"open","template":"","meta":{"footnotes":""},"class_list":["post-322","page","type-page","status-publish","hentry"],"_links":{"self":[{"href":"https:\/\/www.joachim-kranz.net\/index.php\/wp-json\/wp\/v2\/pages\/322","targetHints":{"allow":["GET"]}}],"collection":[{"href":"https:\/\/www.joachim-kranz.net\/index.php\/wp-json\/wp\/v2\/pages"}],"about":[{"href":"https:\/\/www.joachim-kranz.net\/index.php\/wp-json\/wp\/v2\/types\/page"}],"author":[{"embeddable":true,"href":"https:\/\/www.joachim-kranz.net\/index.php\/wp-json\/wp\/v2\/users\/2"}],"replies":[{"embeddable":true,"href":"https:\/\/www.joachim-kranz.net\/index.php\/wp-json\/wp\/v2\/comments?post=322"}],"version-history":[{"count":2,"href":"https:\/\/www.joachim-kranz.net\/index.php\/wp-json\/wp\/v2\/pages\/322\/revisions"}],"predecessor-version":[{"id":935,"href":"https:\/\/www.joachim-kranz.net\/index.php\/wp-json\/wp\/v2\/pages\/322\/revisions\/935"}],"up":[{"embeddable":true,"href":"https:\/\/www.joachim-kranz.net\/index.php\/wp-json\/wp\/v2\/pages\/11"}],"wp:attachment":[{"href":"https:\/\/www.joachim-kranz.net\/index.php\/wp-json\/wp\/v2\/media?parent=322"}],"curies":[{"name":"wp","href":"https:\/\/api.w.org\/{rel}","templated":true}]}}