{"id":339,"date":"2009-12-20T15:45:24","date_gmt":"2009-12-20T14:45:24","guid":{"rendered":"http:\/\/www.joachim-kranz.net\/index.php\/kopfballversuche-egg-races"},"modified":"2022-04-21T16:41:50","modified_gmt":"2022-04-21T15:41:50","slug":"kopfballversuche-egg-races","status":"publish","type":"page","link":"https:\/\/www.joachim-kranz.net\/index.php\/unterrichtsentwicklung\/kopfballversuche-egg-races","title":{"rendered":"Kopfballversuche &#8211; Egg-races"},"content":{"rendered":"<p class=\"MsoNormal\"><strong>Chemieunterricht ohne Experimente \u2013 undenkbar! <\/strong><\/p>\n<p class=\"MsoNormal\">F\u00fcr Sch\u00fclerinnen und Sch\u00fcler stellen Experimente erfahrungsgem\u00e4\u00df die Hauptattraktivit\u00e4t des Unterrichts dar. Dar\u00fcber hinaus wird ihnen aus fachdidaktischer Sicht eine wesentliche Funktion im Lernprozess zugewiesen. Beide Aspekte stellen die Lehrkr\u00e4fte vor die Aufgabe, dem Experiment einen geeigneten Platz innerhalb des Unterrichts zuzuweisen.<\/p>\n<p class=\"MsoNormal\">Methodisch lassen sich Experimente auf unterschiedlicheste Art und Weise im Unterricht einsetzen. Bei Kopfballversuchen geht es zielgerichtet um Experimente, in denen die Sch\u00fclerinnen und Sch\u00fcler die Vorplanung eigenst\u00e4ndig \u00fcbernehmen.<\/p>\n<p class=\"MsoNormal\">Die Fernsehserien &#8222;Egg Race&#8220; in Amerika und Kopfball (beim ZDF in Deutschland) haben es vorgemacht. Zwei Sch\u00fclergruppen erhalten experimentelle Aufgaben sowie Materialboxen und treten in einen Wettkampf ein. Die Kamera verfolgt die verschiedenen L\u00f6sungsans\u00e4tze, die Diskussionen der Sch\u00fclerinnen und Sch\u00fcler, die Umsetzung der Ideen und die Pr\u00e4sentation der L\u00f6sung(en).<\/p>\n<p class=\"MsoNormal\"><strong>Erkenntnisgewinnung durch Experimente<\/strong><\/p>\n<p class=\"MsoNormal\">Neben dem inhaltsbezogenen Kompetenzbereich Fachwissen strukturieren die prozessbezogenen Kompetenzbereiche Erkenntnisgewinnung, Kommunikation und Bewertung das Gef\u00fcge der Anforderungen der naturwissenschaftlichen F\u00e4cher.<\/p>\n<p class=\"MsoNormal\">\n<p class=\"MsoNormal\"><a title=\"Arbeit im Lampenlabor\" href=\"https:\/\/www.joachim-kranz.net\/wp-content\/uploads\/2009\/12\/laborarbeitlampen15.jpg\"><img decoding=\"async\" src=\"https:\/\/www.joachim-kranz.net\/wp-content\/uploads\/2009\/12\/laborarbeitlampen15.jpg\" alt=\"Arbeit im Lampenlabor\" \/><\/a><br \/>\nKopfballversuch im Lampenlabor &#8211; Ermittlung der &#8222;Leuchtquelle der Zukunft&#8220;<\/p>\n<p class=\"MsoNormal\">Im Kompetenzbereich Erkenntnisgewinnung geht es in den Naturwissenschaften erster Linie um die methodischen Kompetenzen rund um das Experiment: Arbeitsplanung, Recherchieren, Auswerten, \u00a0Dokumentieren, Bewertung der Ergebnisse, Pr\u00e4sentieren.<\/p>\n<p>Dieses Vorgehen erscheint so leicht, so einfach, aber die Schwierigkeiten liegen in der korrekten Umsetzung der Teilschritte. Das <strong>Experimentierenk\u00f6nnen<\/strong> umfasst kompetentes Handeln hinsichtlich folgender T\u00e4tigkeiten:<\/p>\n<p align=\"justify\"><strong>Planen <\/strong><br \/>\n(Verfahren planen, Zeitumfang planen, Material\/Ger\u00e4te planen, Sicherheitsbestimmungen beachten, Ziel formulieren)<\/p>\n<p align=\"justify\"><strong>Vorbereiten<\/strong><br \/>\n(Informationen beschaffen, Protokollstruktur entwerfen, Material\/Ger\u00e4te ausw\u00e4hlen, Versuchsskizzen erstellen,\u00a0Experimentieranordnung aufbauen)<\/p>\n<p align=\"justify\"><strong>Durchf\u00fchren<\/strong><br \/>\n(mit Materialien\/Ger\u00e4ten umgehen, Beobachten, Messen, Aufzeichnen)<\/p>\n<p align=\"justify\"><strong>Auswerten<br \/>\n<\/strong>(Ergebnis berechnen, Fehler betrachten, Fehler quantifizieren, Ergebnis darstellen, Ergebnis werten)<\/p>\n<div align=\"justify\"><a title=\"tun-solar-kopfballversuch2.jpg\" href=\"https:\/\/www.joachim-kranz.net\/wp-content\/uploads\/2010\/01\/tun-solar-kopfballversuch2.jpg\"><img decoding=\"async\" src=\"https:\/\/www.joachim-kranz.net\/wp-content\/uploads\/2010\/01\/tun-solar-kopfballversuch2.jpg\" alt=\"tun-solar-kopfballversuch2.jpg\" \/><\/a><br \/>\nKopfballversuch zur Ermittlung der Schaltung von Solarzellen<\/div>\n<p class=\"MsoNormal\"><strong>Kopfballversuche \u2013 Egg races<\/strong><\/p>\n<p class=\"MsoNormal\">Der Kopfballversuch, auch Egg-Race genannt, unterscheidet sich grundlegend von den normalen Experimentierformen im Unterricht. Diese Versuche stellen die h\u00f6chste Stufe der in der Schule zu erreichenden experimentellen Kompetenz dar, die erst erreicht wird, wenn die Sch\u00fclerinnen und Sch\u00fcler in der Lage sind, Experimente eigenst\u00e4ndig zu planen. Dieser, auf den ersten Blick so einfache Prozess, erweist sich bei genauer Betrachtung als ein komplexer kognitiver Vorgang:<\/p>\n<p class=\"MsoNormal\">Die Sch\u00fcler m\u00fcssen:<br \/>\n\u25cf ihr Wissen \u00fcber die Chemie\/die Naturwissenschaften aktiv zur Steuerung ihrer Handlungen einsetzen,<br \/>\n\u25cf im Team eigenst\u00e4ndig eine Strategie entwickeln, um das vorgegebene Versuchsziel zu erreichen,<br \/>\n\u25cf den Versuchsaufbau in Eigenregie erstellen,<br \/>\n\u25cf das Experiment sachkundig durchf\u00fchren,<br \/>\n\u25cf den Versuch auswerten und \u00fcberpr\u00fcfen, ob das angestrebte Ziel mit dieser Strategie erreicht wurde.<\/p>\n<p>Diese Aufz\u00e4hlung zeigt den Einsatzbereich dieser Versuche: Relativ einfache Versuche mit einer \u00fcberschaubaren Aufgabenstellung.<\/p>\n<p class=\"MsoNormal\">Die selbstt\u00e4tige \u00dcberpr\u00fcfung durch die Sch\u00fcler f\u00fchrt zwangsl\u00e4ufig zu einer realistischen Selbsteinsch\u00e4tzung der gezeigten\u00a0 Leistung, d.h. die wichtige Reflexionsebene wird insbesondere durch Kopfballversuche angesteuert.<\/p>\n<p class=\"MsoNormal\"><a title=\"kompetenzsaule-exp-erkenntnisg450.jpg\" href=\"https:\/\/www.joachim-kranz.net\/wp-content\/uploads\/2010\/01\/kompetenzsaule-exp-erkenntnisg450.jpg\"><img decoding=\"async\" src=\"https:\/\/www.joachim-kranz.net\/wp-content\/uploads\/2010\/01\/kompetenzsaule-exp-erkenntnisg450.jpg\" alt=\"kompetenzsaule-exp-erkenntnisg450.jpg\" \/><\/a><br \/>\nKompetenzs\u00e4ule der experimentellen Erkenntnisgewinnung in der Schule<\/p>\n<p class=\"MsoNormal\">Beispiele f\u00fcr Kopfballversuche finden sich nahezu in allen von uns entwickelten Unterrichtseinheiten, insbesondere im Lampenlabor, im Zahnpastaprojekt, bei der Chemie der Haarf\u00e4rbung, der Geochemie und im Achterbahnprojekt wird diese experimentelle Methode ausf\u00fchrlich vorgestellt.<\/p>\n<p class=\"MsoNormal\">\n<p class=\"MsoNormal\">\n","protected":false},"excerpt":{"rendered":"<p>Chemieunterricht ohne Experimente \u2013 undenkbar! F\u00fcr Sch\u00fclerinnen und Sch\u00fcler stellen Experimente erfahrungsgem\u00e4\u00df die Hauptattraktivit\u00e4t des Unterrichts dar. Dar\u00fcber hinaus wird ihnen aus fachdidaktischer Sicht eine wesentliche Funktion im Lernprozess zugewiesen. Beide Aspekte stellen die Lehrkr\u00e4fte vor die Aufgabe, dem Experiment einen geeigneten Platz innerhalb des Unterrichts zuzuweisen. Methodisch lassen sich Experimente auf unterschiedlicheste Art und [&hellip;]<\/p>\n","protected":false},"author":2,"featured_media":0,"parent":285,"menu_order":4,"comment_status":"closed","ping_status":"open","template":"","meta":{"footnotes":""},"class_list":["post-339","page","type-page","status-publish","hentry"],"_links":{"self":[{"href":"https:\/\/www.joachim-kranz.net\/index.php\/wp-json\/wp\/v2\/pages\/339","targetHints":{"allow":["GET"]}}],"collection":[{"href":"https:\/\/www.joachim-kranz.net\/index.php\/wp-json\/wp\/v2\/pages"}],"about":[{"href":"https:\/\/www.joachim-kranz.net\/index.php\/wp-json\/wp\/v2\/types\/page"}],"author":[{"embeddable":true,"href":"https:\/\/www.joachim-kranz.net\/index.php\/wp-json\/wp\/v2\/users\/2"}],"replies":[{"embeddable":true,"href":"https:\/\/www.joachim-kranz.net\/index.php\/wp-json\/wp\/v2\/comments?post=339"}],"version-history":[{"count":1,"href":"https:\/\/www.joachim-kranz.net\/index.php\/wp-json\/wp\/v2\/pages\/339\/revisions"}],"predecessor-version":[{"id":968,"href":"https:\/\/www.joachim-kranz.net\/index.php\/wp-json\/wp\/v2\/pages\/339\/revisions\/968"}],"up":[{"embeddable":true,"href":"https:\/\/www.joachim-kranz.net\/index.php\/wp-json\/wp\/v2\/pages\/285"}],"wp:attachment":[{"href":"https:\/\/www.joachim-kranz.net\/index.php\/wp-json\/wp\/v2\/media?parent=339"}],"curies":[{"name":"wp","href":"https:\/\/api.w.org\/{rel}","templated":true}]}}