{"id":397,"date":"2010-01-01T22:32:28","date_gmt":"2010-01-01T21:32:28","guid":{"rendered":"http:\/\/www.joachim-kranz.net\/index.php\/chemie\/molekulares-kochen"},"modified":"2022-04-08T15:39:35","modified_gmt":"2022-04-08T14:39:35","slug":"molekulares-kochen","status":"publish","type":"page","link":"https:\/\/www.joachim-kranz.net\/index.php\/chemie\/molekulares-kochen","title":{"rendered":"Molekulares Kochen"},"content":{"rendered":"<p class=\"MsoNormal\">Die \u201eMolekulare K\u00fcche\u201c befasst sich mit den biochemischen und physikalisch-chemischen Prozessen bei der Zubereitung und beim Genuss von Speisen und Getr\u00e4nken.<\/p>\n<p class=\"MsoNormal\"><a title=\"gel-joghurtkugeln450.jpg\" href=\"https:\/\/www.joachim-kranz.net\/wp-content\/uploads\/2010\/01\/gel-joghurtkugeln450.jpg\"><img decoding=\"async\" src=\"https:\/\/www.joachim-kranz.net\/wp-content\/uploads\/2010\/01\/gel-joghurtkugeln450.jpg\" alt=\"gel-joghurtkugeln450.jpg\" \/><\/a><br \/>\nNeue Textur- und Geschmackserlebnisse: Joghurtkugeln, die von einem Gel umgeben sind<\/p>\n<p class=\"MsoNormal\">Diese durchaus positiv einzusch\u00e4tzende Grundidee einiger Spitzenk\u00f6che (Ferran Adria, Heiko Antoniewicz u.a.) hat eine Ausweitung erfahren, die f\u00fcr den Verbraucher negative Auswirkungen haben kann.<\/p>\n<p class=\"MsoNormal\"><strong>Vom Alginat der Braunalgen zum k\u00fcnstlichen K\u00e4se<\/strong><\/p>\n<p class=\"MsoNormal\">Aktuell l\u00e4sst sich die molekulare K\u00fcche unter drei wichtigen Blickwinkeln betrachten:<\/p>\n<p class=\"MsoNormal\">1. Herstellung und Stabilisierung von Sch\u00e4umen, Cremes und Gelen durch Zugabe von langkettigen Molek\u00fclen oder Verwendung von fl\u00fcssigem Stickstoff<\/p>\n<p class=\"MsoNormal\">2. Gezielte Beeinflussung der biochemischen Reaktionen des Kochens, so zum Beispiel der Maillard-Reaktion<\/p>\n<p class=\"MsoNormal\">3. Gezielte Nutzung von Imitaten, Konzentraten und Geschmacksverst\u00e4rkern durch die Lebensmittelindustrie unter Kosten\/Nutzen-Betrachtungen.<\/p>\n<p class=\"MsoNormal\"><a title=\"joghurtkugel450.jpg\" href=\"https:\/\/www.joachim-kranz.net\/wp-content\/uploads\/2010\/01\/joghurtkugel450.jpg\"><img decoding=\"async\" src=\"https:\/\/www.joachim-kranz.net\/wp-content\/uploads\/2010\/01\/joghurtkugel450.jpg\" alt=\"joghurtkugel450.jpg\" \/><\/a><br \/>\nHerstellung der Joghurtkugeln mit Alginaten:<br \/>\nCalcium-Ionen f\u00fchren zur Ausbildung eines Alginatnetzes und damit zur Gelierung der H\u00fclle<\/p>\n<p class=\"MsoNormal\">\u00a0<strong>\u201eExperimente geh\u00f6ren ins Labor und nicht in die K\u00fcche\u201c<\/strong><\/p>\n<p class=\"MsoNormal\">Die Unterrichtseinheit zur Chemie des Kochens greift die Herstellung von Sch\u00e4umen, Cremes und Gelen durch Verwendung langkettiger Kohlenhydrate auf und vertieft die Grundlagen der Kohlenhydrate, die im Rahmen von Grund- und Leistungskursen vermittelt werden. Die eingesetzten Kohlenhydrate sind Alginate, Carragene, Xanthane und Guarane, die unter Einbeziehung des Basiskonzepts Struktur-Eigenschaften eine Erkl\u00e4rung der gebildeten Texturen zulassen. Im Unterricht werden vorgegebene und eigene Rezepte verwirklicht, untersucht und beurteilt, insbesondere im Hinblick auf ihre Eignung in der \u201enormalen\u201c Alltagsk\u00fcche.<\/p>\n<p class=\"MsoNormal\">Der zweite Schwerpunkt befast sich mit den chemischen Reaktionen beim Kochen. Neben Hydrolyse, Denaturierung und Gelatinierung wird in \u201eForschungsexperimenten\u201c die Malliard-Reaktion experimentell untersucht und eingehend betrachtet.<\/p>\n<p class=\"MsoNormal\">In der Vertiefungsphase kann die Nutzung der untersuchten Verfahren zur Herstellung von Lebensmittel-Imitaten (k\u00fcnstlicher K\u00e4se bzw. Schinken), aber auch die Irref\u00fchrung der Verbraucher (Beispiel \u201eLeichte Yogurette\u201c) thematisiert werden.<\/p>\n<p class=\"MsoNormal\">Die Grafik zeigt die Module der Unterrichtseinheit zur Chemie und Physik des Kochens:<\/p>\n<p class=\"MsoNormal\"><a title=\"chemie-und-physik-des-kochens450.bmp\" href=\"https:\/\/www.joachim-kranz.net\/wp-content\/uploads\/2010\/01\/chemie-und-physik-des-kochens450.bmp\"><img decoding=\"async\" src=\"https:\/\/www.joachim-kranz.net\/wp-content\/uploads\/2010\/01\/chemie-und-physik-des-kochens450.bmp\" alt=\"chemie-und-physik-des-kochens450.bmp\" \/><\/a><\/p>\n<p class=\"MsoNormal\">Map in besserer Aufl\u00f6sung im pdf-Format<a title=\"molekulares-menu-die-chemie-und-physik-des-kochens.pdf\" href=\"https:\/\/www.joachim-kranz.net\/wp-content\/uploads\/2010\/01\/molekulares-menu-die-chemie-und-physik-des-kochens.pdf\">: molekulares-menu-die-chemie-und-physik-des-kochens.pdf<\/a>:<\/p>\n<p class=\"MsoNormal\">Zu empfehlen ist eine enge Kopplung der F\u00e4cher Chemie und Physik, denn die Garmethoden sind untrennbar mit dem entsprechenden physikalischen Techniken verbunden. Mikrowelle, Induktionskochfeld und Grill sollten in die Betrachtungen einflie\u00dfen.<\/p>\n<p class=\"MsoNormal\"><strong>Tipps und Hinweise zum Verbraucherverhalten der Sch\u00fclerinnen und Sch\u00fcler<\/strong><br \/>\nChemielehrerinnen und -lehrer sollen sich dar\u00fcber im Klaren sein, dass die sogenannte \u201eMolekulark\u00fcche\u201c l\u00e4ngst die Labork\u00fcchen verlassen hat und \u00fcber die Lebensmittelindustrie den Weg zum Verbraucher gefunden hat. Ob Puddings, Cremes oder Pizza &#8211; \u00a0die \u201einnovativen\u201c Kohlenhydrate der molekularen K\u00fcche (Guarane, Xanthane, Carragene) finden sich in einer Vielzahl von Lebensmitteln.<\/p>\n<p class=\"MsoNormal\"><a title=\"paradiescremev200.jpg\" href=\"https:\/\/www.joachim-kranz.net\/wp-content\/uploads\/2010\/01\/paradiescremev200.jpg\"><img decoding=\"async\" src=\"https:\/\/www.joachim-kranz.net\/wp-content\/uploads\/2010\/01\/paradiescremev200.jpg\" alt=\"paradiescremev200.jpg\" \/>\u00a0\u00a0\u00a0\u00a0\u00a0\u00a0\u00a0\u00a0 <\/a><a title=\"paradiescreme-r-200-2.jpg\" href=\"https:\/\/www.joachim-kranz.net\/wp-content\/uploads\/2010\/01\/paradiescreme-r-200-2.jpg\"><img decoding=\"async\" src=\"https:\/\/www.joachim-kranz.net\/wp-content\/uploads\/2010\/01\/paradiescreme-r-200-2.jpg\" alt=\"paradiescreme-r-200-2.jpg\" \/><\/a><\/p>\n<p class=\"MsoNormal\">Zutaten: Zucker, Kakao, St\u00e4rke, Fett, Milchzucker, Emulgatoren, Milcheiwei\u00df, <strong>Verdickungsmittel (Natriumalginat, Carageen)<\/strong>, Karamelzuckersirup, Maltodextrin, Aroma<\/p>\n<p class=\"MsoNormal\">Eine Idee f\u00fcr die Zukunft: Berliner Wei\u00dfe (das sommerliche Nationalgetr\u00e4nk der Berliner) mit Waldmeister-Kaviar!<\/p>\n<p class=\"MsoNormal\"><a title=\"kugeln_berl-weisse_450.jpg\" href=\"https:\/\/www.joachim-kranz.net\/wp-content\/uploads\/2010\/01\/kugeln_berl-weisse_450.jpg\"><img decoding=\"async\" src=\"https:\/\/www.joachim-kranz.net\/wp-content\/uploads\/2010\/01\/kugeln_berl-weisse_450.jpg\" alt=\"kugeln_berl-weisse_450.jpg\" \/><\/a><\/p>\n<p class=\"MsoNormal\">\n","protected":false},"excerpt":{"rendered":"<p>Die \u201eMolekulare K\u00fcche\u201c befasst sich mit den biochemischen und physikalisch-chemischen Prozessen bei der Zubereitung und beim Genuss von Speisen und Getr\u00e4nken. Neue Textur- und Geschmackserlebnisse: Joghurtkugeln, die von einem Gel umgeben sind Diese durchaus positiv einzusch\u00e4tzende Grundidee einiger Spitzenk\u00f6che (Ferran Adria, Heiko Antoniewicz u.a.) hat eine Ausweitung erfahren, die f\u00fcr den Verbraucher negative Auswirkungen haben [&hellip;]<\/p>\n","protected":false},"author":2,"featured_media":0,"parent":10,"menu_order":18,"comment_status":"closed","ping_status":"open","template":"","meta":{"footnotes":""},"class_list":["post-397","page","type-page","status-publish","hentry"],"_links":{"self":[{"href":"https:\/\/www.joachim-kranz.net\/index.php\/wp-json\/wp\/v2\/pages\/397","targetHints":{"allow":["GET"]}}],"collection":[{"href":"https:\/\/www.joachim-kranz.net\/index.php\/wp-json\/wp\/v2\/pages"}],"about":[{"href":"https:\/\/www.joachim-kranz.net\/index.php\/wp-json\/wp\/v2\/types\/page"}],"author":[{"embeddable":true,"href":"https:\/\/www.joachim-kranz.net\/index.php\/wp-json\/wp\/v2\/users\/2"}],"replies":[{"embeddable":true,"href":"https:\/\/www.joachim-kranz.net\/index.php\/wp-json\/wp\/v2\/comments?post=397"}],"version-history":[{"count":1,"href":"https:\/\/www.joachim-kranz.net\/index.php\/wp-json\/wp\/v2\/pages\/397\/revisions"}],"predecessor-version":[{"id":928,"href":"https:\/\/www.joachim-kranz.net\/index.php\/wp-json\/wp\/v2\/pages\/397\/revisions\/928"}],"up":[{"embeddable":true,"href":"https:\/\/www.joachim-kranz.net\/index.php\/wp-json\/wp\/v2\/pages\/10"}],"wp:attachment":[{"href":"https:\/\/www.joachim-kranz.net\/index.php\/wp-json\/wp\/v2\/media?parent=397"}],"curies":[{"name":"wp","href":"https:\/\/api.w.org\/{rel}","templated":true}]}}