{"id":450,"date":"2010-01-10T13:31:52","date_gmt":"2010-01-10T12:31:52","guid":{"rendered":"http:\/\/www.joachim-kranz.net\/index.php\/larmlabor"},"modified":"2022-04-08T15:42:25","modified_gmt":"2022-04-08T14:42:25","slug":"larmlabor","status":"publish","type":"page","link":"https:\/\/www.joachim-kranz.net\/index.php\/physik\/larmlabor","title":{"rendered":"L\u00e4rmlabor"},"content":{"rendered":"<p class=\"MsoNormal\"><strong>L\u00e4rm \u2013 Last oder Lust?<\/strong><\/p>\n<p class=\"MsoNormal\">L\u00e4rm kann krank machen, aber laute Musik kann auch begeistern. L\u00e4rm kann mit Schmutz, den viele als Materie am falschen Ort definieren, verglichen werden. Demnach w\u00e4re L\u00e4rm Schall am falschen Ort. Dabei h\u00e4ngt die Einsch\u00e4tzung, ob Ger\u00e4usche als L\u00e4rm wahrgenommen werden, von der Situation, Stimmung und Verfassung eines Menschen ab.<br \/>\nMit <strong>L\u00e4rm<\/strong> werden Ger\u00e4usche bezeichnet, die durch ihre Lautst\u00e4rke und Struktur auf den Menschen st\u00f6rend und belastend, ggf. auch gesundheitssch\u00e4digend wirken.<\/p>\n<p class=\"MsoNormal\">Ein Konzert von Depeche Mode ist f\u00fcr den Fan pure Lust, f\u00fcr andere eine &#8222;Schallzumutung&#8220; und damit L\u00e4rm.<\/p>\n<p class=\"MsoNormal\"><a title=\"dm-8_1_20101.jpg\" href=\"https:\/\/www.joachim-kranz.net\/wp-content\/uploads\/2010\/01\/dm-8_1_20101.jpg\"><img decoding=\"async\" src=\"https:\/\/www.joachim-kranz.net\/wp-content\/uploads\/2010\/01\/dm-8_1_20101.jpg\" alt=\"dm-8_1_20101.jpg\" \/><\/a><br \/>\nDepeche Mode in der O2-Arena in Berlin<\/p>\n<p class=\"MsoNormal\">\n<p><strong>Von der Trillerpfeife zum \u00dcberschallknall<\/strong><\/p>\n<p>Die Wahrnehmung von Ger\u00e4uschen als L\u00e4rm und die L\u00e4rmwirkung auf den Menschen h\u00e4ngen von physikalisch messbaren Gr\u00f6\u00dfen ab: dem Schalldruckpegel, der Tonh\u00f6he (Bestimmte Tonh\u00f6hen werden als unangenehm empfunden) und der Pegel\u00e4nderung pro Zeiteinheit (ein Presslufthammer ist unangenehmer als eine st\u00fcndlich verkehrende S-Bahn).<\/p>\n<p>Die Frequenzzusammensetzung von Ger\u00e4uschen, T\u00f6nen und Kl\u00e4ngen kann durch eine Frequenzanalyse bestimmt werden. Insbesondere Stimmen (Klanganalyse von Stimmen zur \u00dcberf\u00fchrung von Kriminellen, CSI l\u00e4sst gr\u00fc\u00dfen, aber auch von Vogelstimmen) k\u00f6nnen auf einfache und elegante Art und Weise untersucht werden. Hierzu ist ein Labtop, ein preiswertes Mikrofon und die entsprechende Software, die als freeware erh\u00e4ltlich ist, notwendig.<\/p>\n<p class=\"MsoNormal\">Die Unterrichtseinheit L\u00e4rmlabor greift die physikalischen Aspekte in sch\u00fclernahen Zusammenh\u00e4ngen auf, um die Sch\u00fclerinnen und Sch\u00fcler zu L\u00e4rmexperten auszubilden.<\/p>\n<p class=\"MsoNormal\">Nach der Sammlung von Leitfragen zu den einf\u00fchrenden Experimenten zum L\u00e4rm werden in einer Einf\u00fchrung die begrifflichen Grundlagen zum Schall, L\u00e4rm, Krach und Knall gelegt. Im anschlie\u00dfenden L\u00e4rmlabor werden an sieben Stationen die L\u00e4rmeffekte aufgegriffen, die f\u00fcr Sch\u00fclerinnen und Sch\u00fcler interessant sein k\u00f6nnten.<\/p>\n<p class=\"MsoNormal\">Das anschlie\u00dfende L\u00e4rmlabor ist experimentell gepr\u00e4gt, neben sechs Experimenten ist eine Theoriestation zum \u00dcberschallknall vorgesehen.<\/p>\n<p class=\"MsoNormal\"><a title=\"larmlabor-map.bmp\" href=\"https:\/\/www.joachim-kranz.net\/wp-content\/uploads\/2010\/01\/larmlabor-map.bmp\"><img decoding=\"async\" src=\"https:\/\/www.joachim-kranz.net\/wp-content\/uploads\/2010\/01\/larmlabor-map.bmp\" alt=\"larmlabor-map.bmp\" \/><\/a><\/p>\n<p class=\"MsoNormal\">Die Unterrichtseinheit wird durch Informationen zum L\u00e4rmschutz und zur L\u00e4rmbek\u00e4mpfung sowie einen &#8222;L\u00e4rmtest&#8220; abgeschlossen.<\/p>\n<p class=\"MsoNormal\">Warum nicht mit dem Kurs oder der Klasse ein (preiswertes) Konzert besuchen und Messungen durchf\u00fchren? Zudem sind Resonanzeffekte am eigenen K\u00f6rper durch das Mitschwingen der Bauchdecke und der inneren Organe bei tiefen B\u00e4ssen sp\u00fcrbar.<\/p>\n<p class=\"MsoNormal\"><a title=\"dm3-812010.jpg\" href=\"https:\/\/www.joachim-kranz.net\/wp-content\/uploads\/2010\/01\/dm3-812010.jpg\"><img decoding=\"async\" src=\"https:\/\/www.joachim-kranz.net\/wp-content\/uploads\/2010\/01\/dm3-812010.jpg\" alt=\"dm3-812010.jpg\" \/><\/a><\/p>\n<p class=\"MsoNormal\">Beim Depeche Mode-Konzert in Berlin wurden Pegel \u00fcber 105 dB gemessen, dies entspricht dem Ger\u00e4usch einer lauten Autohupe oder Alarmsirene in 5 m Entfernung.<\/p>\n<p class=\"MsoNormal\"><strong>Tipp:<\/strong><\/p>\n<p class=\"MsoNormal\">Wer Rock-Konzerte und Space-Parties mit\u00a0 lauter Musik und wummernden B\u00e4ssen liebt, aber auf einen \u00a0bleibenden Geh\u00f6rschaden verzichten m\u00f6chte, sollte sich nicht direkt vor die Boxent\u00fcrme stellen. Dort werden bis zu 130 dB erreicht (bei 150 dB endet die Skala\u2026..)!<\/p>\n","protected":false},"excerpt":{"rendered":"<p>L\u00e4rm \u2013 Last oder Lust? L\u00e4rm kann krank machen, aber laute Musik kann auch begeistern. L\u00e4rm kann mit Schmutz, den viele als Materie am falschen Ort definieren, verglichen werden. Demnach w\u00e4re L\u00e4rm Schall am falschen Ort. Dabei h\u00e4ngt die Einsch\u00e4tzung, ob Ger\u00e4usche als L\u00e4rm wahrgenommen werden, von der Situation, Stimmung und Verfassung eines Menschen ab. [&hellip;]<\/p>\n","protected":false},"author":2,"featured_media":0,"parent":11,"menu_order":16,"comment_status":"closed","ping_status":"open","template":"","meta":{"footnotes":""},"class_list":["post-450","page","type-page","status-publish","hentry"],"_links":{"self":[{"href":"https:\/\/www.joachim-kranz.net\/index.php\/wp-json\/wp\/v2\/pages\/450","targetHints":{"allow":["GET"]}}],"collection":[{"href":"https:\/\/www.joachim-kranz.net\/index.php\/wp-json\/wp\/v2\/pages"}],"about":[{"href":"https:\/\/www.joachim-kranz.net\/index.php\/wp-json\/wp\/v2\/types\/page"}],"author":[{"embeddable":true,"href":"https:\/\/www.joachim-kranz.net\/index.php\/wp-json\/wp\/v2\/users\/2"}],"replies":[{"embeddable":true,"href":"https:\/\/www.joachim-kranz.net\/index.php\/wp-json\/wp\/v2\/comments?post=450"}],"version-history":[{"count":1,"href":"https:\/\/www.joachim-kranz.net\/index.php\/wp-json\/wp\/v2\/pages\/450\/revisions"}],"predecessor-version":[{"id":934,"href":"https:\/\/www.joachim-kranz.net\/index.php\/wp-json\/wp\/v2\/pages\/450\/revisions\/934"}],"up":[{"embeddable":true,"href":"https:\/\/www.joachim-kranz.net\/index.php\/wp-json\/wp\/v2\/pages\/11"}],"wp:attachment":[{"href":"https:\/\/www.joachim-kranz.net\/index.php\/wp-json\/wp\/v2\/media?parent=450"}],"curies":[{"name":"wp","href":"https:\/\/api.w.org\/{rel}","templated":true}]}}