{"id":463,"date":"2010-03-07T20:19:09","date_gmt":"2010-03-07T19:19:09","guid":{"rendered":"http:\/\/www.joachim-kranz.net\/index.php\/duftubertragung"},"modified":"2022-04-08T15:41:07","modified_gmt":"2022-04-08T14:41:07","slug":"duftubertragung","status":"publish","type":"page","link":"https:\/\/www.joachim-kranz.net\/index.php\/physik\/duftubertragung","title":{"rendered":"Duft\u00fcbertragung"},"content":{"rendered":"<p>Wie werden D\u00fcfte \u00fcbertragen? Die Physik des Riechens<\/p>\n<p>Wir alle m\u00f6gen vielf\u00e4ltige D\u00fcfte! Den Duft eines Bratens in der K\u00fcche, den Duft einer Rose, aber auch den Duft eines Parfums. F\u00fcr den Anfangsunterricht in Physik und Chemie, aber auch f\u00fcr naturwissenschaftliche Lernbereiche bietet dieses Thema facettenreiche Einstiege in die Naturwissenschaften. Neben den Aggregatzust\u00e4nden, den Zustands\u00e4nderungen l\u00e4sst sich an diesem Themenfeld die Brownsche Bewegung, die letztlich zur Erkl\u00e4rung der Diffusion herangezogen werden muss, elegant einf\u00fchren.<\/p>\n<p><a title=\"silvana-duft-450.jpg\" href=\"https:\/\/www.joachim-kranz.net\/wp-content\/uploads\/2010\/03\/silvana-duft-450.jpg\"><img decoding=\"async\" src=\"https:\/\/www.joachim-kranz.net\/wp-content\/uploads\/2010\/03\/silvana-duft-450.jpg\" alt=\"silvana-duft-450.jpg\" \/><\/a><\/p>\n<p>Ich vermute, dieses Thema wird wohl eher von Chemielehrkr\u00e4ften aufgegriffen, denn der Zusammenhang von Parfum und D\u00fcften h\u00f6rt sich &#8222;nach Chemie an&#8220;, letztlich geht es aber um rein physikalische Vorg\u00e4nge. Die D\u00fcfte bieten einen kontextorientierten, interessanten Zugang zu den Aggregatzust\u00e4nden, den Zustands\u00e4nderungen, der Diffusion bis hin zur Verdunstungsk\u00e4lte, der sich viel besser eignet, als die oft gew\u00e4hlten Einstiege \u00fcber Bromgase oder die Ausbreitung von Farbstoffen in Fl\u00fcssigkeiten.<\/p>\n<p>Die Mind Map zeigt die Bandbreite der M\u00f6glichkeiten zur Abdeckung der Kompetenzbereiche:<\/p>\n<p><a title=\"wie-werden-dufte-ubertragen-die-physik-des-riechens450-2.bmp\" href=\"https:\/\/www.joachim-kranz.net\/wp-content\/uploads\/2010\/03\/wie-werden-dufte-ubertragen-die-physik-des-riechens450-2.bmp\"><img decoding=\"async\" src=\"https:\/\/www.joachim-kranz.net\/wp-content\/uploads\/2010\/03\/wie-werden-dufte-ubertragen-die-physik-des-riechens450-2.bmp\" alt=\"wie-werden-dufte-ubertragen-die-physik-des-riechens450-2.bmp\" \/><\/a><\/p>\n<p>Mind Map in h\u00f6herer Aufl\u00f6sung: <a title=\"wie-werden-dufte-ubertragen.pdf\" href=\"https:\/\/www.joachim-kranz.net\/wp-content\/uploads\/2010\/03\/wie-werden-dufte-ubertragen.pdf\">wie-werden-dufte-ubertragen.pdf<\/a><\/p>\n<p>Als Einstiegsexperiment eignet sich die Ausbreitung des Duftes eines Parfums (hier Nightflight) aus einer flachen Schale auf dem Lehrertisch in den Fachraum hinein.<\/p>\n<p>Die Sch\u00fclerinnen und Sch\u00fcler k\u00f6nnen ihr Vorwissen aktivieren und Leitfragen zu zu m\u00f6glichen weiteren Untersuchungen formulieren. In meiner Klasse wollte ein Teil der Klasse wissen, wie schnell diese Duftausbreitung erfolgt. Es wurden Planungsvorschl\u00e4ge gesammelt und nach Einigung auf eine gemeinsame Planung wurde die Zeit vom Einf\u00fcllen des Parfums in die Schale auf dem Lehrertisch bis zum Erreichen der Nase (Registrierung des Duftes) der Sch\u00fclerinnen und Sch\u00fcler in den Bankreihen gemessen. Ferner wurde der Abstand Schale &#8211; &#8222;Nase&#8220; mit einem Bandma\u00df abgemessen und die Daten wurden in einer Messreihe festgehalten. Die (scheinbare) Geschwindigkeit der Parfumteilchen konnte so ermittelt werden. Die Kontrollrecherche im Internet ergab ganz andere &#8211; viel h\u00f6here (um 100 m\/s) &#8211; Geschwindigkeiten. So stellt sich automatisch die Frage nach dem Ausbreitungsmechanismus des Duftes und damit auch die Frage nach den Aggregatzust\u00e4nden, die auf der Basis des Teilchenmodells eingef\u00fchrt bzw. vertieft werden k\u00f6nnen.<\/p>\n<p>Die Phasenplanung (<a title=\"planungsubersicht2010.pdf\" href=\"https:\/\/www.joachim-kranz.net\/wp-content\/uploads\/2010\/03\/planungsubersicht2010.pdf\">planungsubersicht2010.pdf<\/a>) zeigt eine m\u00f6gliche Vorgehensweise vom Einstiegsexperiment \u00fcber die Erarbeitungsphasen bis hin zur Vertiefungsphase. Diese kann insbesondere in Lernbereichen genutzt werden, um die Nase als Sinnesorgan in den Fokus der Betrachtung zu r\u00fccken. Als Chemiker k\u00f6nnte man durchaus Parfum anz\u00fcnden und Verbrennen, um auf die unterschiedlichen naturwissenschaftlichen Untersuchungsobjekte hinzuweisen, die in den einzelnen Wissenschaftsdom\u00e4nen eine Rolle spielen.<\/p>\n<p>In der Weihnachtszeit bietet sich die Verkn\u00fcpfung zu R\u00e4ucherm\u00e4nnchen an. Findet hier auch eine Diffusion statt? Hier sind doch aber feste Ausgangsstoffe vorhanden? Wie sehen R\u00e4ucherm\u00e4nnchen von innen aus? Wie str\u00f6mt die Luft durch das M\u00e4nnchen? Mannigfaltige Fragen, die in der Vertiefungsphase von den Sch\u00fclerinnen und Sch\u00fclern weitgehend eigenst\u00e4ndig beantwortet werden k\u00f6nnen!<\/p>\n<p><a title=\"rauchermannchen2.jpg\" href=\"https:\/\/www.joachim-kranz.net\/wp-content\/uploads\/2010\/03\/rauchermannchen2.jpg\"><img decoding=\"async\" src=\"https:\/\/www.joachim-kranz.net\/wp-content\/uploads\/2010\/03\/rauchermannchen2.jpg\" alt=\"rauchermannchen2.jpg\" \/><\/a><\/p>\n<p>Das Manual der f\u00e4cherverbindenden Untrrichtseinheitkann \u00fcber &#8222;Kontakte&#8220; bezogen werden:<\/p>\n<p><img loading=\"lazy\" decoding=\"async\" src=\"https:\/\/www.joachim-kranz.net\/wp-content\/uploads\/2013\/06\/Deckblatt-Oh-de-Parfum-600.jpg\" alt=\"Deckblatt Oh de Parfum\" width=\"408\" height=\"565\" \/><\/p>\n<p align=\"center\">\n","protected":false},"excerpt":{"rendered":"<p>Wie werden D\u00fcfte \u00fcbertragen? Die Physik des Riechens Wir alle m\u00f6gen vielf\u00e4ltige D\u00fcfte! Den Duft eines Bratens in der K\u00fcche, den Duft einer Rose, aber auch den Duft eines Parfums. F\u00fcr den Anfangsunterricht in Physik und Chemie, aber auch f\u00fcr naturwissenschaftliche Lernbereiche bietet dieses Thema facettenreiche Einstiege in die Naturwissenschaften. Neben den Aggregatzust\u00e4nden, den Zustands\u00e4nderungen [&hellip;]<\/p>\n","protected":false},"author":2,"featured_media":0,"parent":11,"menu_order":4,"comment_status":"closed","ping_status":"open","template":"","meta":{"footnotes":""},"class_list":["post-463","page","type-page","status-publish","hentry"],"_links":{"self":[{"href":"https:\/\/www.joachim-kranz.net\/index.php\/wp-json\/wp\/v2\/pages\/463","targetHints":{"allow":["GET"]}}],"collection":[{"href":"https:\/\/www.joachim-kranz.net\/index.php\/wp-json\/wp\/v2\/pages"}],"about":[{"href":"https:\/\/www.joachim-kranz.net\/index.php\/wp-json\/wp\/v2\/types\/page"}],"author":[{"embeddable":true,"href":"https:\/\/www.joachim-kranz.net\/index.php\/wp-json\/wp\/v2\/users\/2"}],"replies":[{"embeddable":true,"href":"https:\/\/www.joachim-kranz.net\/index.php\/wp-json\/wp\/v2\/comments?post=463"}],"version-history":[{"count":3,"href":"https:\/\/www.joachim-kranz.net\/index.php\/wp-json\/wp\/v2\/pages\/463\/revisions"}],"predecessor-version":[{"id":931,"href":"https:\/\/www.joachim-kranz.net\/index.php\/wp-json\/wp\/v2\/pages\/463\/revisions\/931"}],"up":[{"embeddable":true,"href":"https:\/\/www.joachim-kranz.net\/index.php\/wp-json\/wp\/v2\/pages\/11"}],"wp:attachment":[{"href":"https:\/\/www.joachim-kranz.net\/index.php\/wp-json\/wp\/v2\/media?parent=463"}],"curies":[{"name":"wp","href":"https:\/\/api.w.org\/{rel}","templated":true}]}}