{"id":469,"date":"2010-06-22T20:56:45","date_gmt":"2010-06-22T18:56:45","guid":{"rendered":"http:\/\/www.joachim-kranz.net\/index.php\/physik\/physik-des-larms"},"modified":"2022-04-21T16:43:11","modified_gmt":"2022-04-21T15:43:11","slug":"physik-des-larms","status":"publish","type":"page","link":"https:\/\/www.joachim-kranz.net\/index.php\/physik\/physik-des-larms","title":{"rendered":"Physik des L\u00e4rms"},"content":{"rendered":"<p><strong>L\u00e4rmende Vuvuzelas!<\/strong><\/p>\n<p>Juni 2010 &#8211; WM in S\u00fcdafrika und L\u00e4rm auf allen Kan\u00e4len. Vuvuzelas sind etwa 60 cm lange Plastiktrompeten, die sp\u00e4testens seit dieser WM jedem ein Begriff sein werden.<\/p>\n<p><strong>Vuvuzelas &#8211; Fluch oder Segen?<\/strong><br \/>\nVielen Fu\u00dfballfans geht der eint\u00f6nige L\u00e4rm der Vuvuzelas geh\u00f6rig auf die Nerven, anderseits lassen sich dem &#8222;Instrument&#8220; mit etwas Geschick und \u00dcbung durchaus harmonische Kl\u00e4nge entlocken.<\/p>\n<p><a title=\"Vuvuzela\" href=\"https:\/\/www.joachim-kranz.net\/wp-content\/uploads\/2010\/06\/vuvuzela450.jpg\"><img decoding=\"async\" src=\"https:\/\/www.joachim-kranz.net\/wp-content\/uploads\/2010\/06\/vuvuzela450.jpg\" alt=\"Vuvuzela\" \/><\/a><\/p>\n<p>Vuvuzelas bilden ein geradezu idealtypischen Kontext f\u00fcr naturwissenschaftliche Untersuchungen: Wie laut sind sie? K\u00f6nnen sie das menschliche Geh\u00f6r sch\u00e4digen? Welche anderen L\u00e4rmquellen erreichen vergleichbare Lautst\u00e4rken? Liegt die L\u00e4rmbelastung vielleicht an der Tonh\u00f6he? Unter welchen Bedingungen l\u00e4rmen Vuvuzelas? Unter welchen Bedingungen kann man harmonische Klangfolgen erzeugen?<\/p>\n<p><u>Kontexte<\/u> erzeugen naturwissenschaftliche Problemstellungen aus dem Alltag, dem Lebensumfeld der Sch\u00fclerinnen und Sch\u00fcler, aber auch aus der Wissenschaft. Diese Problemstellungen f\u00fchren dann zu Fragestellungen, die mit den erkenntnistheoretischen Methoden der Naturwissenschaften gekl\u00e4rt werden k\u00f6nnen. Die Untersuchungen im Bereich der Akustik haben den gro\u00dfen Vorteil, dass sie &#8222;hands-on&#8220;, genauer &#8222;hands-and-ears-on&#8220;-Physik erm\u00f6glichen. Die Sch\u00fclerinnen und Sch\u00fcler k\u00f6nnen mit H\u00e4nden und Ohren experimentieren und in weiten Teilen eigenst\u00e4ndig und damit nachhaltig zu Erkenntnissen gelangen.<\/p>\n<p>Das von uns entwickelte <u>L\u00e4rmlabor <\/u>erm\u00f6glicht diese Untersuchungen, es ist offen f\u00fcr andere L\u00e4rmquellen, auch f\u00fcr die brasilianischen Trommeln der n\u00e4chsten WM! Die Schallquellen, ob Nachtigall oder Vuvuzela lassen sich mit dem Programm &#8222;Audacity&#8220;, einer freien Open-Source-Software zur Aufnahme und Bearbeitung von T\u00f6nen, elegant aufnehmen, abspielen und analysieren. Notwendig sind ein Rechner, ein kleines Mikrofon und das freeware-Programm Audacity.<\/p>\n<p><a title=\"Audacity\" href=\"https:\/\/www.joachim-kranz.net\/wp-content\/uploads\/2010\/06\/screenshot-audacity-vuvuzela2.jpg\"><img decoding=\"async\" src=\"https:\/\/www.joachim-kranz.net\/wp-content\/uploads\/2010\/06\/screenshot-audacity-vuvuzela2.jpg\" alt=\"Audacity\" \/><\/a><\/p>\n<p>Der Screenshot zeigt eine auf einer Vuvuzela gespielte Tonfolge mit variabler Lautst\u00e4rke. Mit der Frequenzanalyse l\u00e4sst sich dann auch die ver\u00e4nderte Tonh\u00f6he nachweisen.<\/p>\n<p>Das L\u00e4rmlabor erm\u00f6glicht in 7 Stationen \u00fcber unterschiedliche Zug\u00e4nge zum L\u00e4rm die Untersuchung verschiedenartiger L\u00e4rm-Ph\u00e4nomene, von der Trillerpfeife bis hin zu Resonanzeffekten bei klingenden Wassergl\u00e4sern.<\/p>\n<p>Die Seite &#8222;L\u00e4rmlabor&#8220; liefert n\u00e4here Beschreibungen der Stationenarbeit.<\/p>\n<p><u>Zur Information:<\/u> Die Lautst\u00e4rke (genauer: der Schalldruckpegel) einer Vuvuzela kann in direkter Ohrn\u00e4he bis zu 140 Dezibel erreichen, vergleichbar einem D\u00fcsenjet in 30 m Entfernung (140 Dezibel), einem Konzert von Depeche Mode (Abstand 20 m zu den Boxen, 105 Dezibel)\u00a0 oder einer Kettens\u00e4ge in einem Meter Entfernung (110 Dezibel).<\/p>\n<div><img decoding=\"async\" src=\"https:\/\/www.joachim-kranz.net\/wp-content\/uploads\/2010\/06\/larm-label5-250.bmp\" alt=\"Label5-klein\" \/><\/div>\n","protected":false},"excerpt":{"rendered":"<p>L\u00e4rmende Vuvuzelas! Juni 2010 &#8211; WM in S\u00fcdafrika und L\u00e4rm auf allen Kan\u00e4len. Vuvuzelas sind etwa 60 cm lange Plastiktrompeten, die sp\u00e4testens seit dieser WM jedem ein Begriff sein werden. Vuvuzelas &#8211; Fluch oder Segen? Vielen Fu\u00dfballfans geht der eint\u00f6nige L\u00e4rm der Vuvuzelas geh\u00f6rig auf die Nerven, anderseits lassen sich dem &#8222;Instrument&#8220; mit etwas Geschick [&hellip;]<\/p>\n","protected":false},"author":2,"featured_media":0,"parent":11,"menu_order":15,"comment_status":"closed","ping_status":"open","template":"","meta":{"footnotes":""},"class_list":["post-469","page","type-page","status-publish","hentry"],"_links":{"self":[{"href":"https:\/\/www.joachim-kranz.net\/index.php\/wp-json\/wp\/v2\/pages\/469","targetHints":{"allow":["GET"]}}],"collection":[{"href":"https:\/\/www.joachim-kranz.net\/index.php\/wp-json\/wp\/v2\/pages"}],"about":[{"href":"https:\/\/www.joachim-kranz.net\/index.php\/wp-json\/wp\/v2\/types\/page"}],"author":[{"embeddable":true,"href":"https:\/\/www.joachim-kranz.net\/index.php\/wp-json\/wp\/v2\/users\/2"}],"replies":[{"embeddable":true,"href":"https:\/\/www.joachim-kranz.net\/index.php\/wp-json\/wp\/v2\/comments?post=469"}],"version-history":[{"count":1,"href":"https:\/\/www.joachim-kranz.net\/index.php\/wp-json\/wp\/v2\/pages\/469\/revisions"}],"predecessor-version":[{"id":969,"href":"https:\/\/www.joachim-kranz.net\/index.php\/wp-json\/wp\/v2\/pages\/469\/revisions\/969"}],"up":[{"embeddable":true,"href":"https:\/\/www.joachim-kranz.net\/index.php\/wp-json\/wp\/v2\/pages\/11"}],"wp:attachment":[{"href":"https:\/\/www.joachim-kranz.net\/index.php\/wp-json\/wp\/v2\/media?parent=469"}],"curies":[{"name":"wp","href":"https:\/\/api.w.org\/{rel}","templated":true}]}}