{"id":49,"date":"2006-04-04T17:21:44","date_gmt":"2006-04-04T15:21:44","guid":{"rendered":"http:\/\/www.joachim-kranz.net\/?page_id=49"},"modified":"2022-04-21T16:48:08","modified_gmt":"2022-04-21T15:48:08","slug":"autoantrieb-der-zukunft","status":"publish","type":"page","link":"https:\/\/www.joachim-kranz.net\/index.php\/chemie\/autoantrieb-der-zukunft","title":{"rendered":"Autoantrieb der Zukunft"},"content":{"rendered":"<p><strong>\u00a0Biodiesel , Bioalkohol, Hybrid oder Brennstoffzelle?<\/strong><\/p>\n<p class=\"MsoNormal\">\u00a0<a title=\"achill-hagen-prius.jpg\" href=\"https:\/\/www.joachim-kranz.net\/wp-content\/uploads\/2010\/01\/achill-hagen-prius.jpg\"><img decoding=\"async\" src=\"https:\/\/www.joachim-kranz.net\/wp-content\/uploads\/2010\/01\/achill-hagen-prius.jpg\" alt=\"achill-hagen-prius.jpg\" \/><\/a><br \/>\nDer Hybridantrieb des Toyota Prius mit Otto- und Elektromotor<\/p>\n<p class=\"MsoNormal\">Die Bewertung der L\u00f6sungsvorschl\u00e4ge zur Mobilit\u00e4t der Zukunft verlangt ein profundes naturwissenschaftliches Wissen. Neben chemischen Kenntnissen \u00fcber die m\u00f6glichen Energietr\u00e4ger \u00a0sind physikalische Grundlagen zu W\u00e4rmekraftmaschinen Voraussetzung zur Teilnahme am gesellschaftlichen Diskurs.<br \/>\nDas vorliegende Arbeitmaterial soll realistische Ausblicke in die nahe und ferne Zukunft erm\u00f6glichen und Basis der Erarbeitung einer f\u00fcr Sch\u00fclerinnen und Sch\u00fcler spannenden Unterrichtseinheit sein.<\/p>\n<p class=\"MsoNormal\"><a title=\"erdgastankstelle.jpg\" href=\"https:\/\/www.joachim-kranz.net\/wp-content\/uploads\/2010\/01\/erdgastankstelle.jpg\"><img decoding=\"async\" src=\"https:\/\/www.joachim-kranz.net\/wp-content\/uploads\/2010\/01\/erdgastankstelle.jpg\" alt=\"erdgastankstelle.jpg\" \/><\/a><br \/>\nUnterricht an einer\u00a0 Erdgastankstelle in Belin-Reinickendorf<\/p>\n<p class=\"MsoNormal\">Die Unterrichtseinheit ist vor f\u00fcnf Jahren entstanden. Meine damalige Prognose der dramatisch steigenden Benzinpreise und die Notwendigkeit, mit entsprechenden innovativen Antrieben auf diese Entwicklung fr\u00fchzeitig zu reagieren, wurde von den deutschen Autoherstellern nicht geteilt &#8211; in der Entwicklung von Hybridantireben hinkte und hinkt Deutschland noch immer hinterher. Toyota hat es mit dem Prius vorgemacht. Ein serienreifes Sparmobil &#8211; zumindest f\u00fcr den Stadtverkehr. Zudem ist Toyota mit diesem Auto der Einstieg in die Welt der Elektroantriebe gelungen. Das neue Jahrzehnt wird spannend! Die Unteririchtseinheit wird nat\u00fcrlich laufend aktualisiert!<\/p>\n<p class=\"MsoNormal\">Meines Erachtens geht der Trend eindeutig zum Elektromobil. Die Entwicklung der Lithium-Ionen-Akkus, die im Theorieteil und der Unterrichtseinheit erkl\u00e4rt werden, war ein gro\u00dfer Schritt in diese Richtung. Energiebereitstellung und Verteilung erscheinen mir beim Elektroauto deutlich einfacher, als der Einstieg in die Wasserstofftechnologie.<\/p>\n<p class=\"MsoNormal\">Die vorgestellte Unterrichtseinheit soll keinesfalls als Vorlage zur direkten \u00dcbernahme in den eigenen Unterricht dienen, vielmehr soll sie den Gegebenheiten der Sch\u00fcler, der Schule und den eigenen Vorstellungen \u00a0angepasst werden.<\/p>\n<p class=\"MsoNormal\"><u>Inhaltsverzeichnis des Skripts als Map<\/u><\/p>\n<p class=\"MsoNormal\"><a title=\"autoantrieb-der-zukunft.bmp\" href=\"https:\/\/www.joachim-kranz.net\/wp-content\/uploads\/2010\/01\/autoantrieb-der-zukunft.bmp\"><img decoding=\"async\" src=\"https:\/\/www.joachim-kranz.net\/wp-content\/uploads\/2010\/01\/autoantrieb-der-zukunft.bmp\" alt=\"autoantrieb-der-zukunft.bmp\" \/><\/a><\/p>\n<p class=\"MsoNormal\">Neben den in der Map aufgef\u00fchrten Teilen enth\u00e4lt das Skript Bewertungsb\u00f6gen f\u00fcr Pr\u00e4sentationen, Klausuren, Clips und weitere vertiefende Informationen. Das Thema dieser Unterrichtseinheit eignet sich vorz\u00fcglich f\u00fcr eine Podiumsdiskussion! Ein derartiges Unterfangen ist f\u00fcr Chemielehrkr\u00e4fte in der Regel fremd. Mein Tipp: versuchen Sie es &#8211; die Resultate sind bei einer entsprechenden Vorbereitung begeisternd!<\/p>\n<p class=\"MsoNormal\">N\u00e4here Hinweise zu Podiumsdiskussionen finden sie im Buch &#8222;Chemie-Methodik&#8220; aus dem Cornelsen-Verlag (siehe auch unter der Rubrik Publikationen).<\/p>\n<p class=\"MsoNormal\"><a title=\"plakatvortrag-dk.jpg\" href=\"https:\/\/www.joachim-kranz.net\/wp-content\/uploads\/2010\/01\/plakatvortrag-dk.jpg\"><img decoding=\"async\" src=\"https:\/\/www.joachim-kranz.net\/wp-content\/uploads\/2010\/01\/plakatvortrag-dk.jpg\" alt=\"plakatvortrag-dk.jpg\" \/><br \/>\nMobility of the future &#8211; Vortrag zu Mobilit\u00e4t der Zukunft in englischer Sprache <\/a><\/p>\n<p class=\"MsoNormal\">\n<div align=\"justify\">\n<div><\/div>\n<\/div>\n<div align=\"left\"><\/div>\n<p class=\"MsoNormal\">\n<p class=\"MsoNormal\">\n","protected":false},"excerpt":{"rendered":"<p>\u00a0Biodiesel , Bioalkohol, Hybrid oder Brennstoffzelle? \u00a0 Der Hybridantrieb des Toyota Prius mit Otto- und Elektromotor Die Bewertung der L\u00f6sungsvorschl\u00e4ge zur Mobilit\u00e4t der Zukunft verlangt ein profundes naturwissenschaftliches Wissen. Neben chemischen Kenntnissen \u00fcber die m\u00f6glichen Energietr\u00e4ger \u00a0sind physikalische Grundlagen zu W\u00e4rmekraftmaschinen Voraussetzung zur Teilnahme am gesellschaftlichen Diskurs. Das vorliegende Arbeitmaterial soll realistische Ausblicke in die [&hellip;]<\/p>\n","protected":false},"author":2,"featured_media":0,"parent":10,"menu_order":30,"comment_status":"closed","ping_status":"open","template":"","meta":{"footnotes":""},"class_list":["post-49","page","type-page","status-publish","hentry"],"_links":{"self":[{"href":"https:\/\/www.joachim-kranz.net\/index.php\/wp-json\/wp\/v2\/pages\/49","targetHints":{"allow":["GET"]}}],"collection":[{"href":"https:\/\/www.joachim-kranz.net\/index.php\/wp-json\/wp\/v2\/pages"}],"about":[{"href":"https:\/\/www.joachim-kranz.net\/index.php\/wp-json\/wp\/v2\/types\/page"}],"author":[{"embeddable":true,"href":"https:\/\/www.joachim-kranz.net\/index.php\/wp-json\/wp\/v2\/users\/2"}],"replies":[{"embeddable":true,"href":"https:\/\/www.joachim-kranz.net\/index.php\/wp-json\/wp\/v2\/comments?post=49"}],"version-history":[{"count":2,"href":"https:\/\/www.joachim-kranz.net\/index.php\/wp-json\/wp\/v2\/pages\/49\/revisions"}],"predecessor-version":[{"id":975,"href":"https:\/\/www.joachim-kranz.net\/index.php\/wp-json\/wp\/v2\/pages\/49\/revisions\/975"}],"up":[{"embeddable":true,"href":"https:\/\/www.joachim-kranz.net\/index.php\/wp-json\/wp\/v2\/pages\/10"}],"wp:attachment":[{"href":"https:\/\/www.joachim-kranz.net\/index.php\/wp-json\/wp\/v2\/media?parent=49"}],"curies":[{"name":"wp","href":"https:\/\/api.w.org\/{rel}","templated":true}]}}