{"id":779,"date":"2020-02-20T17:52:50","date_gmt":"2020-02-20T16:52:50","guid":{"rendered":"http:\/\/www.joachim-kranz.net\/?page_id=779"},"modified":"2026-02-27T12:47:31","modified_gmt":"2026-02-27T11:47:31","slug":"helleum-2","status":"publish","type":"page","link":"https:\/\/www.joachim-kranz.net\/index.php\/helleum-2","title":{"rendered":"Multitouch-Learning-Books &#8211; interaktive Lernb\u00fccher"},"content":{"rendered":"<p>F\u00fcr den Chemieunterricht besteht eine hohe Nachfrage nach frei verf\u00fcgbaren digitalen und zugleich inklusiven Angeboten. Mit digitalen Medien lassen sich neue Arten von Pr\u00e4sentationsformen zur Individualisierung des Lernprozesses erschlie\u00dfen und darstellen. Diese \u201eneuen\u201c Medien sind nicht nur anschaulich, ggf. auch interaktiv und adaptiv, sie sind auch in der Lage, die Motivation der Lernenden zu steigern und neue Lernformate zu erm\u00f6glichen (Geyer, Eckert &amp; Effelsberg, 1998). Sie bieten damit eine Chance den inklusiven Unterricht in einem Ma\u00dfe zu realisieren, der mit analogen Medien nicht ohne Weiteres h\u00e4tte verwirklicht werden k\u00f6nnen. So k\u00f6nnen neben der Individualisierung von Lernwegen auch lineare und verzweigte Vorgehensweisen konzipiert werden. Zudem k\u00f6nnen die Lernwege durch Test- oder Diagnoseaufgaben, Lernspiele und spezifische Hilfestellungen unterst\u00fctzt werden.<\/p>\n<p>Multitouch Learning Books sind deshalb ein zukunftsweisender digitaler Baustein auf dem Weg zum inklusiven Unterricht.<\/p>\n<p><a href=\"https:\/\/www.joachim-kranz.net\/wp-content\/uploads\/2022\/04\/Deckblatt_MTLB_Forschungsreise_Bild_450.png\"><img loading=\"lazy\" decoding=\"async\" class=\"alignnone size-full wp-image-915\" src=\"https:\/\/www.joachim-kranz.net\/wp-content\/uploads\/2022\/04\/Deckblatt_MTLB_Forschungsreise_Bild_450.png\" alt=\"\" width=\"450\" height=\"333\" srcset=\"https:\/\/www.joachim-kranz.net\/wp-content\/uploads\/2022\/04\/Deckblatt_MTLB_Forschungsreise_Bild_450.png 450w, https:\/\/www.joachim-kranz.net\/wp-content\/uploads\/2022\/04\/Deckblatt_MTLB_Forschungsreise_Bild_450-300x222.png 300w\" sizes=\"auto, (max-width: 450px) 100vw, 450px\" \/><\/a><br \/>interaktives Forscherbuch f\u00fcr den NaWi-Unterricht der Jahrgangsstufen 5 und 6<br \/><a href=\"https:\/\/read.bookcreator.com\/pBR4ihqx9nWQH0fMLiZ13FUWRo23\/7epWRHp4TUKY4C8a5TBOxA\">Thema: Stoffe sortieren<\/a><\/p>\n<p>Hier finden Sie\u00a0 Links zu interaktiven Lernb\u00fcchern (Multitouch-Learning-Books), die sich gleicherma\u00dfen f\u00fcr Lehrende und Lernende eignen.<\/p>\n<p>Thema 1: Salz<br \/><a href=\"https:\/\/read.bookcreator.com\/pBR4ihqx9nWQH0fMLiZ13FUWRo23\/bMHIA16pT8WVlBU2k7YO6g\">Interaktives Lernbuch zum Thema &#8222;Salz&#8220;<\/a><\/p>\n<p>Thema 2: Zuckergehalt von Getr\u00e4nken<br \/><a href=\"https:\/\/read.bookcreator.com\/pBR4ihqx9nWQH0fMLiZ13FUWRo23\/FBYpZdylQ4eFWK5qKPgHyw\">Interaktives Lernbuch zum Thema &#8222;Zuckergehalt von Getr\u00e4nken&#8220;<\/a><\/p>\n<p>Thema 3: Boden sch\u00e4tzen<br \/><a href=\"https:\/\/read.bookcreator.com\/pBR4ihqx9nWQH0fMLiZ13FUWRo23\/qXaCH8bJQkCoi_z4hdw_bw\">Interaktives Lernbuch zum Thema &#8222;Boden sch\u00e4tzen&#8220;<\/a><br \/><a href=\"https:\/\/www.joachim-kranz.net\/wp-content\/uploads\/2023\/02\/Tipp_1_Exp_3.pdf\">Tipp1<\/a><br \/><a href=\"https:\/\/www.joachim-kranz.net\/wp-content\/uploads\/2023\/02\/Tipp_2_Exp_4.pdf\">Tipp2<\/a><br \/><a href=\"https:\/\/www.joachim-kranz.net\/wp-content\/uploads\/2023\/02\/Tipp_3_Exp_4.pdf\">Tipp3<\/a><br \/><a href=\"https:\/\/www.joachim-kranz.net\/wp-content\/uploads\/2023\/02\/Tipp_4_Exp_4.pdf\">Tipp4<\/a><br \/><a href=\"https:\/\/www.joachim-kranz.net\/wp-content\/uploads\/2023\/02\/Tipp_5_Auswertung.pdf\">Tipp5<\/a><br \/>Checkliste zu inklusiven Lernaufgaben (in Vorbereitung)<\/p>\n<p>Thema 4: Plasikm\u00fcll im Meer<br \/><a href=\"https:\/\/read.bookcreator.com\/pBR4ihqx9nWQH0fMLiZ13FUWRo23\/DxzlOcRjRf-r5RBZGMZWcg\">Interaktives Lernbuch zum Thema &#8222;Plastikm\u00fcll im Meer&#8220;<\/a><\/p>\n<p>Thema 5: Brennstoffzellen &#8211; Antriebstechnologie der Zukunft?<br \/><a href=\"https:\/\/read.bookcreator.com\/pBR4ihqx9nWQH0fMLiZ13FUWRo23\/7xrGGsZoStiE5F_kAk08fw\">Interaktives Lernbuch zum Thema &#8222;Brennstoffzellen&#8220;<\/a><\/p>\n<p>Thema 6: S\u00e4uren in Zitrusfr\u00fcchten<br \/><a href=\"https:\/\/read.bookcreator.com\/pBR4ihqx9nWQH0fMLiZ13FUWRo23\/8XdTeW4GR--qxV-Cwgew6A\">Interaktives Lernbuch zum Thema &#8222;S\u00e4uren in Zitrusfr\u00fcchten&#8220;<\/a><\/p>\n<p>Thema 7: Heute blond und Morgen blau &#8211; die Chemie der Haarf\u00e4rbung<br \/>Interaktives Lernbuch zur Thema &#8222;Haarf\u00e4rbung&#8220;, Link siehe unter Ferienkurs<\/p>\n<p><a href=\"https:\/\/www.joachim-kranz.net\/wp-content\/uploads\/2023\/07\/Glossar_Haarfaerbung.pdf\">Glossar<\/a> zur Haarf\u00e4rbung mit sprachlicher Unterst\u00fctzung<br \/><a href=\"https:\/\/www.joachim-kranz.net\/wp-content\/uploads\/2023\/07\/Faerbematrix.pdf\">F\u00e4rbetabelle<\/a> (m\u00f6gliche L\u00f6sung)<\/p>\n<p>Thema 8: Zahnpastaprojekt<br \/>Interaktives Lernbuch zum &#8222;Zahnpastaprojekt&#8220; (Link siehe unter Ferienkurs)<\/p>\n\n\n<p><\/p>\n\n\n\n<p>Link zum <a href=\"https:\/\/read.bookcreator.com\/pBR4ihqx9nWQH0fMLiZ13FUWRo23\/rGJv8jekTJ2mQycFYne2uA\">Zahnpastaprojekt<\/a><\/p>\n\n\n\n<p>Thema 10: <a href=\"https:\/\/read.bookcreator.com\/pBR4ihqx9nWQH0fMLiZ13FUWRo23\/arJsov4nROmljJb45DRKvQ\">Das Lampenlabor &#8211; Welches ist der Lampentyp der Zukunft<\/a><\/p>\n","protected":false},"excerpt":{"rendered":"<p>F\u00fcr den Chemieunterricht besteht eine hohe Nachfrage nach frei verf\u00fcgbaren digitalen und zugleich inklusiven Angeboten. Mit digitalen Medien lassen sich neue Arten von Pr\u00e4sentationsformen zur Individualisierung des Lernprozesses erschlie\u00dfen und darstellen. Diese \u201eneuen\u201c Medien sind nicht nur anschaulich, ggf. auch interaktiv und adaptiv, sie sind auch in der Lage, die Motivation der Lernenden zu steigern [&hellip;]<\/p>\n","protected":false},"author":2,"featured_media":0,"parent":0,"menu_order":0,"comment_status":"closed","ping_status":"closed","template":"","meta":{"footnotes":""},"class_list":["post-779","page","type-page","status-publish","hentry"],"_links":{"self":[{"href":"https:\/\/www.joachim-kranz.net\/index.php\/wp-json\/wp\/v2\/pages\/779","targetHints":{"allow":["GET"]}}],"collection":[{"href":"https:\/\/www.joachim-kranz.net\/index.php\/wp-json\/wp\/v2\/pages"}],"about":[{"href":"https:\/\/www.joachim-kranz.net\/index.php\/wp-json\/wp\/v2\/types\/page"}],"author":[{"embeddable":true,"href":"https:\/\/www.joachim-kranz.net\/index.php\/wp-json\/wp\/v2\/users\/2"}],"replies":[{"embeddable":true,"href":"https:\/\/www.joachim-kranz.net\/index.php\/wp-json\/wp\/v2\/comments?post=779"}],"version-history":[{"count":49,"href":"https:\/\/www.joachim-kranz.net\/index.php\/wp-json\/wp\/v2\/pages\/779\/revisions"}],"predecessor-version":[{"id":1260,"href":"https:\/\/www.joachim-kranz.net\/index.php\/wp-json\/wp\/v2\/pages\/779\/revisions\/1260"}],"wp:attachment":[{"href":"https:\/\/www.joachim-kranz.net\/index.php\/wp-json\/wp\/v2\/media?parent=779"}],"curies":[{"name":"wp","href":"https:\/\/api.w.org\/{rel}","templated":true}]}}