{"id":846,"date":"2022-04-04T12:17:42","date_gmt":"2022-04-04T11:17:42","guid":{"rendered":"https:\/\/www.joachim-kranz.net\/?page_id=846"},"modified":"2022-05-31T08:26:04","modified_gmt":"2022-05-31T07:26:04","slug":"imint-akademie","status":"publish","type":"page","link":"https:\/\/www.joachim-kranz.net\/index.php\/imint-akademie","title":{"rendered":"iMINT-Akademie"},"content":{"rendered":"\n<p>inklusive MINT &#8211; Die Akademie bildet ein bundesweit einmaliges Kompetenzzentrum f\u00fcr inklusive, kompetenzorientierte Unterrichtsentwicklungen in enger Zusammenarbeit mit Universit\u00e4ten und Stiftungen. Die Akademie wurde 2014\/14 von der Senatsverwaltung f\u00fcr Bildung, Jugend und Wissenschaft gegr\u00fcndet. Die Unterrichtsmodule beschreiben zeitgem\u00e4\u00dfe, interessante Lernumgebungen, die den inklusiven Standard, die von der Akademie formuliert worden sind, entsprechen und aktuelle digitale Medien einsetzen. Die Module werden im OER-format (open educational ressources) auf dem Berlin-Brandenburger Bildungsserver ver\u00f6ffentlicht und in Fortbildungs- und Qualifizierungungsma\u00dfnahmen&nbsp; Lehrkr\u00e4ften und Schulberatern zur Verf\u00fcgung gestellt.<\/p>\n\n\n\n<figure class=\"wp-block-image size-full\"><a href=\"https:\/\/www.joachim-kranz.net\/wp-content\/uploads\/2022\/04\/Schuelergruppe_Tablet_1_450.jpg\"><img loading=\"lazy\" decoding=\"async\" width=\"450\" height=\"338\" src=\"https:\/\/www.joachim-kranz.net\/wp-content\/uploads\/2022\/04\/Schuelergruppe_Tablet_1_450.jpg\" alt=\"\" class=\"wp-image-891\" srcset=\"https:\/\/www.joachim-kranz.net\/wp-content\/uploads\/2022\/04\/Schuelergruppe_Tablet_1_450.jpg 450w, https:\/\/www.joachim-kranz.net\/wp-content\/uploads\/2022\/04\/Schuelergruppe_Tablet_1_450-300x225.jpg 300w\" sizes=\"auto, (max-width: 450px) 100vw, 450px\" \/><\/a><\/figure>\n\n\n\n<p>Sie soll Konzepte und Ma\u00dfnahmen entwickeln und gestalten, die zur Verbesserung der Berliner Ergebnisse des Bildungs-monitorings beitragen. Konkret entwickelt die iMINT-AKADEMIE Module f\u00fcr einen zeitgem\u00e4\u00dfen, interessanten und kompetenzorientierten Unterricht in den MINT-F\u00e4chern.<\/p>\n\n\n\n<p>In Zusammenarbeit mit der Siemens-Stiftung wird eine internetbasierte Fortbildung, ein sog.&nbsp; &#8222;web-based learning&#8220;, f\u00fcr inklusiven naturwissenschaftlichen Unterricht entwickelt. Grundlage ist das von Kranz &amp; Tiemann an der HUmboldt-Universit\u00e4t zu Berlin entwickelte Modell f\u00fcr den inklusiven Chemieunterricht, kurz MiC.<\/p>\n\n\n\n<p>Zur Lernumgebung geh\u00f6rt unter anderem ein Multitouch-Learning-Book zu der Lernumgebung &#8222;Von den Sinnen zum Messen&#8220;, speziell zum Abschnitt &#8222;Stoffe sortieren&#8220;.<\/p>\n\n\n\n<p>Link zum interaktiven Lernbuch:<\/p>\n\n\n\n<p> <a href=\"https:\/\/read.bookcreator.com\/pBR4ihqx9nWQH0fMLiZ13FUWRo23\/7epWRHp4TUKY4C8a5TBOxA\">https:\/\/read.bookcreator.com\/pBR4ihqx9nWQH0fMLiZ13FUWRo23\/7epWRHp4TUKY4C8a5TBOxA<\/a> <\/p>\n\n\n\n<p>Link zum Tipp 1: <a href=\"https:\/\/www.joachim-kranz.net\/wp-content\/uploads\/2022\/04\/Tipp_Rettungsboot.pdf\">https:\/\/www.joachim-kranz.net\/wp-content\/uploads\/2022\/04\/Tipp_Rettungsboot.pdf<\/a><\/p>\n\n\n\n<p>Link zum Tipp 2: <a href=\"https:\/\/www.joachim-kranz.net\/wp-content\/uploads\/2022\/04\/Tipps-zu-den-Bojen.pdf\">https:\/\/www.joachim-kranz.net\/wp-content\/uploads\/2022\/04\/Tipps-zu-den-Bojen.pdf<\/a><\/p>\n\n\n\n<p>Link zum Tipp 3: <a href=\"https:\/\/www.joachim-kranz.net\/wp-content\/uploads\/2022\/04\/Tipps-Tauchkaefig_Haie.pdf\">https:\/\/www.joachim-kranz.net\/wp-content\/uploads\/2022\/04\/Tipps-Tauchkaefig_Haie.pdf<\/a> <\/p>\n\n\n\n<p>Link zum Tipp 4: <a href=\"https:\/\/www.joachim-kranz.net\/wp-content\/uploads\/2022\/04\/Tipps-Unterwassersonden.pdf\">https:\/\/www.joachim-kranz.net\/wp-content\/uploads\/2022\/04\/Tipps-Unterwassersonden.pdf<\/a><\/p>\n\n\n\n<p>Link zum Tipp 5: <a href=\"https:\/\/www.joachim-kranz.net\/wp-content\/uploads\/2022\/04\/Tipps_Metallgriffe_Hitze.pdf\">https:\/\/www.joachim-kranz.net\/wp-content\/uploads\/2022\/04\/Tipps_Metallgriffe_Hitze.pdf<\/a><\/p>\n\n\n\n<p>Link zum Tipp 6: <a href=\"https:\/\/www.joachim-kranz.net\/wp-content\/uploads\/2022\/04\/Tipps-zur-Trennung-Salz-Pfeffer.pdf\">https:\/\/www.joachim-kranz.net\/wp-content\/uploads\/2022\/04\/Tipps-zur-Trennung-Salz-Pfeffer.pdf<\/a><\/p>\n\n\n\n<p>Link zum Tipp AB Liste der Stoffe: <a href=\"https:\/\/www.joachim-kranz.net\/wp-content\/uploads\/2022\/04\/Tipp_AB_Liste_Stoffe.pdf\">https:\/\/www.joachim-kranz.net\/wp-content\/uploads\/2022\/04\/Tipp_AB_Liste_Stoffe.pdf<\/a><\/p>\n\n\n\n<p>Info: Wie schreibe ich eine Mail:<br><a href=\"https:\/\/www.joachim-kranz.net\/wp-content\/uploads\/2022\/05\/Info_so-schreibt-man-eine-Mail.pdf\">https:\/\/www.joachim-kranz.net\/wp-content\/uploads\/2022\/05\/Info_so-schreibt-man-eine-Mail.pdf<\/a><\/p>\n\n\n\n<p>Link zum MinU-Workbook<\/p>\n\n\n\n<p><a href=\"https:\/\/www.joachim-kranz.net\/wp-content\/uploads\/2022\/04\/Workbook_MinU-Modell_JK_V1_bearbeitbar.pdf\">https:\/\/www.joachim-kranz.net\/wp-content\/uploads\/2022\/04\/Workbook_MinU-Modell_JK_V1_bearbeitbar.pdf<\/a><\/p>\n\n\n\n<p>Die Icons werden in der verlinkten<a href=\"https:\/\/www.joachim-kranz.net\/wp-content\/uploads\/2022\/05\/MTB_Icons_Siemens_2022.pdf\" data-type=\"URL\"> Tabelle<\/a> gezeigt und beschrieben.<\/p>\n","protected":false},"excerpt":{"rendered":"<p>inklusive MINT &#8211; Die Akademie bildet ein bundesweit einmaliges Kompetenzzentrum f\u00fcr inklusive, kompetenzorientierte Unterrichtsentwicklungen in enger Zusammenarbeit mit Universit\u00e4ten und Stiftungen. Die Akademie wurde 2014\/14 von der Senatsverwaltung f\u00fcr Bildung, Jugend und Wissenschaft gegr\u00fcndet. Die Unterrichtsmodule beschreiben zeitgem\u00e4\u00dfe, interessante Lernumgebungen, die den inklusiven Standard, die von der Akademie formuliert worden sind, entsprechen und aktuelle digitale [&hellip;]<\/p>\n","protected":false},"author":2,"featured_media":0,"parent":0,"menu_order":0,"comment_status":"closed","ping_status":"closed","template":"","meta":{"footnotes":""},"class_list":["post-846","page","type-page","status-publish","hentry"],"_links":{"self":[{"href":"https:\/\/www.joachim-kranz.net\/index.php\/wp-json\/wp\/v2\/pages\/846","targetHints":{"allow":["GET"]}}],"collection":[{"href":"https:\/\/www.joachim-kranz.net\/index.php\/wp-json\/wp\/v2\/pages"}],"about":[{"href":"https:\/\/www.joachim-kranz.net\/index.php\/wp-json\/wp\/v2\/types\/page"}],"author":[{"embeddable":true,"href":"https:\/\/www.joachim-kranz.net\/index.php\/wp-json\/wp\/v2\/users\/2"}],"replies":[{"embeddable":true,"href":"https:\/\/www.joachim-kranz.net\/index.php\/wp-json\/wp\/v2\/comments?post=846"}],"version-history":[{"count":18,"href":"https:\/\/www.joachim-kranz.net\/index.php\/wp-json\/wp\/v2\/pages\/846\/revisions"}],"predecessor-version":[{"id":998,"href":"https:\/\/www.joachim-kranz.net\/index.php\/wp-json\/wp\/v2\/pages\/846\/revisions\/998"}],"wp:attachment":[{"href":"https:\/\/www.joachim-kranz.net\/index.php\/wp-json\/wp\/v2\/media?parent=846"}],"curies":[{"name":"wp","href":"https:\/\/api.w.org\/{rel}","templated":true}]}}