{"id":896,"date":"2022-04-06T19:53:19","date_gmt":"2022-04-06T18:53:19","guid":{"rendered":"https:\/\/www.joachim-kranz.net\/?page_id=896"},"modified":"2023-03-14T16:40:39","modified_gmt":"2023-03-14T15:40:39","slug":"inklusionsforschung","status":"publish","type":"page","link":"https:\/\/www.joachim-kranz.net\/index.php\/inklusionsforschung","title":{"rendered":"Inklusionsforschung"},"content":{"rendered":"\n<p>Die schulische Bildung befindet sich in einem rasanten Wandel, denn Inklusion und Digitalisierung als gesamtgesellschaftlich anerkannte neue Rahmenbedingungen erfordern von den Lehrkr\u00e4ften Basiskompetenzen in der Realisierung der inklusiven, digitalen Welt in der Schule (Meier, Kremser, Finger, &amp; Huwer, 2020). <\/p>\n\n\n\n<p>F\u00fcr den Chemieunterricht besteht die Herausforderung, die Strategie der Kultusministerkonferenz KMK (2016) zur \u201eBildung in der digitalen Welt\u201c, deren cha-rakteristisches Merkmal die Verbindung der Inklusion \u2013 die Teilhabe Aller an Zug\u00e4ngen zur Bildung \u2013 und der Digitalisierung, integrativ zu verwirklichen. Dennoch lassen sich f\u00fcr den internationalen wie auch f\u00fcr den deutschsprachigen Raum kaum geeignete Modelle als Instrumente zur Planung von inklusivem Unterricht unter Einbindung digitaler Medien finden. Die Paradigmenwechsel f\u00fcr den Unterricht von exklusiv zu inklusiv und analog zu digital werden meist isoliert be-trachtet und selten in ihrer Gesamtheit bedacht, aber nur in der synthetischen Betrachtung dieser Aspekte kann der Inklusionsprozess optimiert werden (Muu\u00df-Merholz, 2020). Naturwissenschaftliche Erkenntnisgewinnung durch Probleml\u00f6sen bietet aber eine M\u00f6glichkeit, verschiedene Anforderungen eines inklusiven Chemieunterrichts zu ber\u00fccksichtigen, wobei das Promotionsprojekt ausdr\u00fccklich auf dem weiter zu fassenden Begriff der Inklusion beruht. <\/p>\n\n\n\n<p>Die Dissertation, die an der Humboldt-Universit\u00e4t zu Berlin im Institut f\u00fcr Didaktik und Lehr-\/Lernforschung Chemie bei Prof. Tiemann entstanden ist, widmet sich demzufolge der Entwicklung und Validierung eines Modells f\u00fcr den inklusiven Chemieunterricht (MiC) und darauf aufbauend dem Transfer des Modells in eine praxisnahe, inklusive Lernumgebung unter Verwendung eines interaktiven Lernbuches. <\/p>\n\n\n\n<p>Der MiC-Ansatz verbindet Theorie und Praxis und ber\u00fccksichtigt gleichzeitig, wie von der KMK gefordert, die Digitalisierung.<\/p>\n\n\n\n<div class=\"wp-block-image\"><figure class=\"aligncenter size-full\"><a href=\"https:\/\/www.joachim-kranz.net\/wp-content\/uploads\/2022\/04\/MinU_Theorie_Praxis.jpg\"><img loading=\"lazy\" decoding=\"async\" width=\"320\" height=\"233\" src=\"https:\/\/www.joachim-kranz.net\/wp-content\/uploads\/2022\/04\/MinU_Theorie_Praxis.jpg\" alt=\"\" class=\"wp-image-918\" srcset=\"https:\/\/www.joachim-kranz.net\/wp-content\/uploads\/2022\/04\/MinU_Theorie_Praxis.jpg 320w, https:\/\/www.joachim-kranz.net\/wp-content\/uploads\/2022\/04\/MinU_Theorie_Praxis-300x218.jpg 300w\" sizes=\"auto, (max-width: 320px) 100vw, 320px\" \/><\/a><\/figure><\/div>\n\n\n\n<p>Anhand des erfolgreichen Transfers des MiC-Ansatzes in eine inklusive, analog-digitale Lernumgebung konnte gezeigt werden, dass die drei Schritte des MiC-Ansatzes handhabbar und praktisch umsetzbar sind. Zugleich konnte die Eignung und das Potenzial des Multitouch-Learning-Books f\u00fcr den inklusiven Chemieunterricht nachgewiesen werden.<\/p>\n\n\n\n<div class=\"wp-block-image\"><figure class=\"aligncenter size-full\"><a href=\"https:\/\/www.joachim-kranz.net\/wp-content\/uploads\/2022\/04\/Logo_MiC_V2-Grafik_450.png\"><img loading=\"lazy\" decoding=\"async\" width=\"450\" height=\"108\" src=\"https:\/\/www.joachim-kranz.net\/wp-content\/uploads\/2022\/04\/Logo_MiC_V2-Grafik_450.png\" alt=\"\" class=\"wp-image-903\" srcset=\"https:\/\/www.joachim-kranz.net\/wp-content\/uploads\/2022\/04\/Logo_MiC_V2-Grafik_450.png 450w, https:\/\/www.joachim-kranz.net\/wp-content\/uploads\/2022\/04\/Logo_MiC_V2-Grafik_450-300x72.png 300w\" sizes=\"auto, (max-width: 450px) 100vw, 450px\" \/><\/a><figcaption>Die drei Schritte zur inklusiven Bildung im Chemieunterricht<\/figcaption><\/figure><\/div>\n\n\n\n<p>Die Ebenen des Modells f\u00fcr den inklusiven Chemieunterricht in ausf\u00fchrlicher Form:<\/p>\n\n\n\n<div class=\"wp-block-image\"><figure class=\"aligncenter size-full\"><a href=\"https:\/\/www.joachim-kranz.net\/wp-content\/uploads\/2022\/04\/Modell_PiiCU_2021_MTB-Grafik_450.png\"><img loading=\"lazy\" decoding=\"async\" width=\"450\" height=\"338\" src=\"https:\/\/www.joachim-kranz.net\/wp-content\/uploads\/2022\/04\/Modell_PiiCU_2021_MTB-Grafik_450.png\" alt=\"\" class=\"wp-image-904\" srcset=\"https:\/\/www.joachim-kranz.net\/wp-content\/uploads\/2022\/04\/Modell_PiiCU_2021_MTB-Grafik_450.png 450w, https:\/\/www.joachim-kranz.net\/wp-content\/uploads\/2022\/04\/Modell_PiiCU_2021_MTB-Grafik_450-300x225.png 300w\" sizes=\"auto, (max-width: 450px) 100vw, 450px\" \/><\/a><figcaption>Das ausf\u00fchrliche Modell f\u00fcr den inklusiven Chemieunterricht<\/figcaption><\/figure><\/div>\n\n\n\n<p>Die vollst\u00e4ndige Dissertation ist \u00fcber den Link <a href=\"http:\/\/edoc.hu-berlin.de\/18452\/25072\">http:\/\/edoc.hu-berlin.de\/18452\/25072<\/a> abrufbar.<\/p>\n\n\n\n<p><a href=\"https:\/\/www.joachim-kranz.net\/wp-content\/uploads\/2023\/03\/Checkliste_Lernaufgaben.pdf\">Checkliste f\u00fcr inklusive Lernaufgab<\/a>en<\/p>\n","protected":false},"excerpt":{"rendered":"<p>Die schulische Bildung befindet sich in einem rasanten Wandel, denn Inklusion und Digitalisierung als gesamtgesellschaftlich anerkannte neue Rahmenbedingungen erfordern von den Lehrkr\u00e4ften Basiskompetenzen in der Realisierung der inklusiven, digitalen Welt in der Schule (Meier, Kremser, Finger, &amp; Huwer, 2020). F\u00fcr den Chemieunterricht besteht die Herausforderung, die Strategie der Kultusministerkonferenz KMK (2016) zur \u201eBildung in der [&hellip;]<\/p>\n","protected":false},"author":2,"featured_media":0,"parent":0,"menu_order":0,"comment_status":"closed","ping_status":"closed","template":"","meta":{"footnotes":""},"class_list":["post-896","page","type-page","status-publish","hentry"],"_links":{"self":[{"href":"https:\/\/www.joachim-kranz.net\/index.php\/wp-json\/wp\/v2\/pages\/896","targetHints":{"allow":["GET"]}}],"collection":[{"href":"https:\/\/www.joachim-kranz.net\/index.php\/wp-json\/wp\/v2\/pages"}],"about":[{"href":"https:\/\/www.joachim-kranz.net\/index.php\/wp-json\/wp\/v2\/types\/page"}],"author":[{"embeddable":true,"href":"https:\/\/www.joachim-kranz.net\/index.php\/wp-json\/wp\/v2\/users\/2"}],"replies":[{"embeddable":true,"href":"https:\/\/www.joachim-kranz.net\/index.php\/wp-json\/wp\/v2\/comments?post=896"}],"version-history":[{"count":9,"href":"https:\/\/www.joachim-kranz.net\/index.php\/wp-json\/wp\/v2\/pages\/896\/revisions"}],"predecessor-version":[{"id":1098,"href":"https:\/\/www.joachim-kranz.net\/index.php\/wp-json\/wp\/v2\/pages\/896\/revisions\/1098"}],"wp:attachment":[{"href":"https:\/\/www.joachim-kranz.net\/index.php\/wp-json\/wp\/v2\/media?parent=896"}],"curies":[{"name":"wp","href":"https:\/\/api.w.org\/{rel}","templated":true}]}}